{"id":205,"date":"2026-03-14T09:07:39","date_gmt":"2026-03-14T15:07:39","guid":{"rendered":"https:\/\/siilog.bloque9.design\/?page_id=205"},"modified":"2026-03-24T13:54:40","modified_gmt":"2026-03-24T19:54:40","slug":"politica-de-calidad","status":"publish","type":"page","link":"https:\/\/siilog.bloque9.design\/de\/politica-de-calidad\/","title":{"rendered":"Pol\u00edtica de calidad"},"content":{"rendered":"<style>.gsbp-e8ddb65{padding-top:var(--gap-75);padding-bottom:var(--gap-200);}<\/style>\n<section class=\"section-main gsbp-e8ddb65 alignfull\" data-type=\"section-component\">\n<div class=\"c-a-800 ca-legal\" data-type=\"content-area-component\">\n<h1 class=\"ca-legal__h1\">Pol\u00edtica de calidad<\/h1>\n\n\n\n<div class=\"ca-legal__fecha-ltima-actualizacin\"><strong>\u00daltima Actualizaci\u00f3n:<\/strong> M\u00e4rz 24, 2026<\/div>\n\n\n\n<p class=\"ca-legal__p\">SIILOG es una empresa de ingenier\u00eda e intralog\u00edstica industrial que se dedica a dise\u00f1ar, fabricar e implementar sistemas internos de movimiento y gesti\u00f3n de materiales dentro de almacenes, f\u00e1bricas y centros de distribuci\u00f3n. Integra automatizaci\u00f3n f\u00edsica (transportadores, sistemas mec\u00e1nicos, control industrial) con software especializado para control y gesti\u00f3n log\u00edstica. Ofrece servicios de soporte, mantenimiento y operaci\u00f3n continua mediante SIILOG Service24. Fabrica componentes y sistemas de precisi\u00f3n a trav\u00e9s de sus l\u00edneas iTechMold Precision e iTechMetal Precision.<\/p>\n\n\n\n<p class=\"ca-legal__p\">SIILOG desarrolla soluciones de intralog\u00edstica, automatizaci\u00f3n y manejo de materiales para una amplia variedad de industrias, incluyendo sectores como automotriz, aeron\u00e1utica, alimentaci\u00f3n, farmac\u00e9utica, textil y calzado, papel, cer\u00e1mica, pl\u00e1sticos, componentes industriales, medio ambiente, petroqu\u00edmica y otros sectores con necesidades de log\u00edstica y automatizaci\u00f3n industrial. En resumen, SIILOG crea soluciones completas de intralog\u00edstica industrial hardware, software y servicio orientadas a eficiencia, automatizaci\u00f3n y productividad.<\/p>\n\n\n\n<h6 class=\"ca-legal__sub-heading\">Pol\u00edtica de Calidad<\/h6>\n\n\n\n<p class=\"ca-legal__p\">La empresa SIILOG traduce con \u00e9xito esta Pol\u00edtica de Calidad como sus principales premisas:<\/p>\n\n\n\n<ul class=\"ca-legal__ul\">\n<li class=\"ca-legal__li\"><strong>Hacer del cliente nuestro principal objetivo.<br><\/strong>Colocamos al cliente en el centro de todas nuestras actividades, entendiendo sus necesidades espec\u00edficas de intralog\u00edstica, automatizaci\u00f3n y optimizaci\u00f3n de flujos de materiales en entornos industriales complejos, especialmente en los sectores automotriz, aeron\u00e1utico, farmac\u00e9utico y de manufactura.<\/li>\n\n\n\n<li class=\"ca-legal__li\"><strong>Mejorar continuamente la calidad de nuestros productos y servicios<\/strong>, buscando relaciones comerciales estables y duraderas.<br>Aplicamos un enfoque sistem\u00e1tico de mejora continua (basado en los principios de la norma ISO 9001 y mejores pr\u00e1cticas de la industria) en el dise\u00f1o, fabricaci\u00f3n, implementaci\u00f3n y soporte de sistemas de transportadores, AGVs, software de gesti\u00f3n log\u00edstica, soluciones iTechMold Precision e iTechMetal Precision, as\u00ed como en el servicio postventa de SIILOG Service24.<\/li>\n\n\n\n<li class=\"ca-legal__li\"><strong>Dise\u00f1ar productos y servicios que atiendan plenamente a las necesidades de nuestros clientes<\/strong>, atiendan a los requisitos legales asociados y excedan sus expectativas.<br>Desarrollamos soluciones turnkey que cumplen con todas las normativas aplicables en Europa, M\u00e9xico y Norteam\u00e9rica (incluyendo regulaciones de seguridad industrial, medio ambiente, protecci\u00f3n de datos y est\u00e1ndares sectoriales como IATF 16949 para la industria automotriz), garantizando fiabilidad, eficiencia energ\u00e9tica y escalabilidad para proyectos de nearshoring y expansi\u00f3n industrial.<\/li>\n\n\n\n<li class=\"ca-legal__li\"><strong>Crear nuevas soluciones que satisfagan las necesidades del mercado<\/strong>, innovar y destacarse de la competencia.<br>Invertimos en investigaci\u00f3n y desarrollo para ofrecer tecnolog\u00edas avanzadas de automatizaci\u00f3n, integraci\u00f3n de IA\/IoT en sistemas de control, modelado de precisi\u00f3n 2D\/3D y servicios de mantenimiento predictivo, permitiendo a nuestros clientes alcanzar mayores niveles de productividad, reducci\u00f3n de costos operativos y competitividad en mercados globales.<\/li>\n\n\n\n<li class=\"ca-legal__li\"><strong>Promover la cultura basada en acciones para corregir las causas de los errores detectados<\/strong> con el objetivo final de siempre estar bien primero.<br>Fomentamos una cultura organizacional proactiva de prevenci\u00f3n, an\u00e1lisis de causas ra\u00edz y acciones correctivas, involucrando a todo el equipo en la identificaci\u00f3n y eliminaci\u00f3n de no conformidades, con el fin de entregar siempre soluciones de la m\u00e1s alta calidad desde la primera vez.<\/li>\n<\/ul>\n\n\n\n<h6 class=\"ca-legal__sub-heading\">Compromiso de la Direcci\u00f3n<\/h6>\n\n\n\n<p class=\"ca-legal__p\">La Direcci\u00f3n de SIILOG se compromete a:<\/p>\n\n\n\n<ul class=\"ca-legal__ul\">\n<li class=\"ca-legal__li\">Revisar peri\u00f3dicamente esta Pol\u00edtica de Calidad para asegurar su adecuaci\u00f3n continua al contexto de la empresa y a las expectativas de nuestros clientes en Europa, Norteam\u00e9rica y M\u00e9xico.<\/li>\n\n\n\n<li class=\"ca-legal__li\">Proporcionar los recursos necesarios para su implementaci\u00f3n efectiva.<\/li>\n\n\n\n<li class=\"ca-legal__li\">Comunicar esta pol\u00edtica a todo el personal, proveedores y partes interesadas relevantes.<\/li>\n\n\n\n<li class=\"ca-legal__li\">Cumplir con todos los requisitos legales, reglamentarios y normativos aplicables.<\/li>\n<\/ul>\n<\/div>\n<\/section>","protected":false},"excerpt":{"rendered":"","protected":false},"author":1,"featured_media":0,"parent":0,"menu_order":0,"comment_status":"closed","ping_status":"closed","template":"","meta":{"_acf_changed":false,"_gspb_post_css":"","footnotes":""},"class_list":["post-205","page","type-page","status-publish","hentry"],"acf":[],"_links":{"self":[{"href":"https:\/\/siilog.bloque9.design\/de\/wp-json\/wp\/v2\/pages\/205","targetHints":{"allow":["GET"]}}],"collection":[{"href":"https:\/\/siilog.bloque9.design\/de\/wp-json\/wp\/v2\/pages"}],"about":[{"href":"https:\/\/siilog.bloque9.design\/de\/wp-json\/wp\/v2\/types\/page"}],"author":[{"embeddable":true,"href":"https:\/\/siilog.bloque9.design\/de\/wp-json\/wp\/v2\/users\/1"}],"replies":[{"embeddable":true,"href":"https:\/\/siilog.bloque9.design\/de\/wp-json\/wp\/v2\/comments?post=205"}],"version-history":[{"count":0,"href":"https:\/\/siilog.bloque9.design\/de\/wp-json\/wp\/v2\/pages\/205\/revisions"}],"wp:attachment":[{"href":"https:\/\/siilog.bloque9.design\/de\/wp-json\/wp\/v2\/media?parent=205"}],"curies":[{"name":"wp","href":"https:\/\/api.w.org\/{rel}","templated":true}]}}