{"id":78,"date":"2026-03-13T09:31:35","date_gmt":"2026-03-13T15:31:35","guid":{"rendered":"https:\/\/siilog.bloque9.design\/?page_id=78"},"modified":"2026-03-23T12:11:23","modified_gmt":"2026-03-23T18:11:23","slug":"gracias-postulante","status":"publish","type":"page","link":"https:\/\/siilog.bloque9.design\/de\/gracias-postulante\/","title":{"rendered":"Gracias Postulante"},"content":{"rendered":"<style>.gsbp-215ed85{padding-top:var(--gap-35);}<\/style>\n<section class=\"section-main gsbp-215ed85 alignfull\" data-type=\"section-component\">\n<div class=\"c-a-1536\" data-type=\"content-area-component\">\n<img decoding=\"async\" src=\"https:\/\/siilog.bloque9.design\/wp-content\/uploads\/2026\/03\/Gracias-txt.svg\" alt=\"\"\/>\n<\/div>\n\n\n\n<div class=\"c-a-800 gracias-c-a\">\n<h2 class=\"gracias-c-a__h2\">Hemos recibido tu postulaci\u00f3n correctamente<\/h2>\n\n\n\n<p class=\"gracias-c-a__p\">Tu inter\u00e9s nos motiva. Revisaremos con atenci\u00f3n tu perfil y lo compararemos con las posiciones abiertas y proyectos en curso. Si tu experiencia y competencias encajan con alguna de nuestras necesidades actuales (o futuras), el \u00e1rea de talento humano se pondr\u00e1 en contacto contigo en un plazo m\u00e1ximo de 10 d\u00edas h\u00e1biles para darte seguimiento.<\/p>\n\n\n\n<a class=\"btn btn-primary\" href=\"https:\/\/siilog.bloque9.design\/de\/\">\n<div class=\"btn-hover-arrow-div\"><style>.gsbp-8765b68{transform:rotate(180deg);}<\/style>\n<svg viewbox=\"0 0 896 1024\" width=\"896\" height=\"1024\" class=\"btn-arrow-svg gsbp-8765b68\"><path d=\"M436.202 76.202l-39.598 39.598c-9.372 9.372-9.372 24.568 0 33.942l310.26 310.258h-682.864c-13.254 0-24 10.746-24 24v56c0 13.254 10.746 24 24 24h682.864l-310.26 310.26c-9.372 9.372-9.372 24.568 0 33.942l39.598 39.598c9.372 9.372 24.568 9.372 33.942 0l418.828-418.828c9.372-9.372 9.372-24.568 0-33.942l-418.83-418.828c-9.372-9.374-24.568-9.374-33.94 0z\" \/><\/svg>\n<\/div>\n\n\n\n<div class=\"btn-text\">Inicio<\/div>\n\n\n\n<div class=\"btn-default-arrow-div\"><style>.gsbp-53ebc89{transform:rotate(180deg);}<\/style>\n<svg viewbox=\"0 0 896 1024\" width=\"896\" height=\"1024\" class=\"btn-arrow-svg gsbp-53ebc89\"><path d=\"M436.202 76.202l-39.598 39.598c-9.372 9.372-9.372 24.568 0 33.942l310.26 310.258h-682.864c-13.254 0-24 10.746-24 24v56c0 13.254 10.746 24 24 24h682.864l-310.26 310.26c-9.372 9.372-9.372 24.568 0 33.942l39.598 39.598c9.372 9.372 24.568 9.372 33.942 0l418.828-418.828c9.372-9.372 9.372-24.568 0-33.942l-418.83-418.828c-9.372-9.374-24.568-9.374-33.94 0z\" \/><\/svg>\n<\/div>\n<\/a>\n<\/div>\n<\/section>\n\n\n<style><\/style><style><\/style><style>.gsbp-5eb45d4{padding-top:var(--gap-200);padding-bottom:var(--gap-200);}<\/style>\n<section class=\"section-main gsbp-5eb45d4 alignfull\" data-type=\"section-component\"><style>.gsbp-80d45a1{width:100%;}<\/style>\n<div class=\"gsbp-80d45a1\" data-type=\"content-area-component\"><style>.gsbp-5a9ba4b{overflow:hidden;display:flex;--gap:clamp(2.1875rem,1.7548rem + 1.9231vw,4.0625rem);;gap:var(--gap);}.gsbp-5a9ba4b > .gspb_marquee_content{flex-shrink:0;display:flex;justify-content:space-around;gap:var(--gap);min-width:100%;align-items:center;}@keyframes marqueegsbp-5a9ba4b{from{transform:translateX(0);}to{transform:translateX(calc(-100% - var(--gap)));}}.gsbp-5a9ba4b.marquee_enabled .gspb_marquee_content{animation:marqueegsbp-5a9ba4b 12s linear infinite;}@media (prefers-reduced-motion:reduce){.gsbp-5a9ba4b .marquee__content{animation-play-state:paused!important;}}<\/style>\n<div class=\"gsbp-5a9ba4b marquee_enabled\"><div class=\"gspb_marquee_content\">\n<img decoding=\"async\" src=\"https:\/\/siilog.bloque9.design\/wp-content\/uploads\/2026\/03\/sms-mode-light-bbf568e50ff91f26-1.svg\" alt=\"\" width=\"278\" height=\"39\" loading=\"lazy\"\/>\n\n\n\n<img decoding=\"async\" src=\"https:\/\/siilog.bloque9.design\/wp-content\/uploads\/2026\/03\/SEW_LOGO-1.svg\" alt=\"\" width=\"119\" height=\"57\" loading=\"lazy\"\/>\n\n\n\n<img decoding=\"async\" src=\"https:\/\/siilog.bloque9.design\/wp-content\/uploads\/2026\/03\/Siemens_AG_logo-1.svg\" alt=\"\" width=\"215\" height=\"35\" loading=\"lazy\"\/>\n\n\n\n<img decoding=\"async\" src=\"https:\/\/siilog.bloque9.design\/wp-content\/uploads\/2026\/03\/customer-emerson-logo-picture-2.webp\" alt=\"\" width=\"203\" height=\"85\" loading=\"lazy\"\/>\n\n\n\n<img decoding=\"async\" src=\"https:\/\/siilog.bloque9.design\/wp-content\/uploads\/2026\/03\/Festo_logo-1.svg\" alt=\"\" width=\"178\" height=\"34\" loading=\"lazy\"\/>\n<\/div><div class=\"gspb_marquee_content\" aria-hidden=\"true\">\n<img decoding=\"async\" src=\"https:\/\/siilog.bloque9.design\/wp-content\/uploads\/2026\/03\/sms-mode-light-bbf568e50ff91f26-1.svg\" alt=\"\" width=\"278\" height=\"39\" loading=\"lazy\"\/>\n\n\n\n<img decoding=\"async\" src=\"https:\/\/siilog.bloque9.design\/wp-content\/uploads\/2026\/03\/SEW_LOGO-1.svg\" alt=\"\" width=\"119\" height=\"57\" loading=\"lazy\"\/>\n\n\n\n<img decoding=\"async\" src=\"https:\/\/siilog.bloque9.design\/wp-content\/uploads\/2026\/03\/Siemens_AG_logo-1.svg\" alt=\"\" width=\"215\" height=\"35\" loading=\"lazy\"\/>\n\n\n\n<img decoding=\"async\" src=\"https:\/\/siilog.bloque9.design\/wp-content\/uploads\/2026\/03\/customer-emerson-logo-picture-2.webp\" alt=\"\" width=\"203\" height=\"85\" loading=\"lazy\"\/>\n\n\n\n<img decoding=\"async\" src=\"https:\/\/siilog.bloque9.design\/wp-content\/uploads\/2026\/03\/Festo_logo-1.svg\" alt=\"\" width=\"178\" height=\"34\" loading=\"lazy\"\/>\n<\/div><\/div>\n<\/div>\n<\/section>","protected":false},"excerpt":{"rendered":"","protected":false},"author":1,"featured_media":0,"parent":0,"menu_order":0,"comment_status":"closed","ping_status":"closed","template":"","meta":{"_acf_changed":false,"_gspb_post_css":"","footnotes":""},"class_list":["post-78","page","type-page","status-publish","hentry"],"acf":[],"_links":{"self":[{"href":"https:\/\/siilog.bloque9.design\/de\/wp-json\/wp\/v2\/pages\/78","targetHints":{"allow":["GET"]}}],"collection":[{"href":"https:\/\/siilog.bloque9.design\/de\/wp-json\/wp\/v2\/pages"}],"about":[{"href":"https:\/\/siilog.bloque9.design\/de\/wp-json\/wp\/v2\/types\/page"}],"author":[{"embeddable":true,"href":"https:\/\/siilog.bloque9.design\/de\/wp-json\/wp\/v2\/users\/1"}],"replies":[{"embeddable":true,"href":"https:\/\/siilog.bloque9.design\/de\/wp-json\/wp\/v2\/comments?post=78"}],"version-history":[{"count":0,"href":"https:\/\/siilog.bloque9.design\/de\/wp-json\/wp\/v2\/pages\/78\/revisions"}],"wp:attachment":[{"href":"https:\/\/siilog.bloque9.design\/de\/wp-json\/wp\/v2\/media?parent=78"}],"curies":[{"name":"wp","href":"https:\/\/api.w.org\/{rel}","templated":true}]}}