{"id":203,"date":"2026-03-14T09:07:26","date_gmt":"2026-03-14T15:07:26","guid":{"rendered":"https:\/\/siilog.bloque9.design\/?page_id=203"},"modified":"2026-03-24T13:06:24","modified_gmt":"2026-03-24T19:06:24","slug":"terminos-de-uso","status":"publish","type":"page","link":"https:\/\/siilog.bloque9.design\/pt\/terminos-de-uso\/","title":{"rendered":"T\u00e9rminos de uso"},"content":{"rendered":"<style>.gsbp-e8ddb65{padding-top:var(--gap-75);padding-bottom:var(--gap-200);}<\/style>\n<section class=\"section-main gsbp-e8ddb65 alignfull\" data-type=\"section-component\">\n<div class=\"c-a-800 ca-legal\" data-type=\"content-area-component\">\n<h1 class=\"ca-legal__h1\">T\u00e9rminos de uso<\/h1>\n\n\n\n<div class=\"ca-legal__fecha-ltima-actualizacin\"><strong>\u00daltima Actualizaci\u00f3n:<\/strong> Mar\u00e7o 24, 2026<\/div>\n\n\n\n<p class=\"ca-legal__p\">SIILOG es una empresa de ingenier\u00eda e intralog\u00edstica industrial que se dedica a dise\u00f1ar, fabricar e implementar sistemas internos de movimiento y gesti\u00f3n de materiales dentro de almacenes, f\u00e1bricas y centros de distribuci\u00f3n. Integra automatizaci\u00f3n f\u00edsica (transportadores, sistemas mec\u00e1nicos, control industrial) con software especializado para control y gesti\u00f3n log\u00edstica. Ofrece servicios de soporte, mantenimiento y operaci\u00f3n continua mediante SIILOG Service24. Fabrica componentes y sistemas de precisi\u00f3n a trav\u00e9s de sus l\u00edneas iTechMold Precision e iTechMetal Precision.<\/p>\n\n\n\n<p class=\"ca-legal__p\">SIILOG desarrolla soluciones de intralog\u00edstica, automatizaci\u00f3n y manejo de materiales para una amplia variedad de industrias, incluyendo sectores como automotriz, aeron\u00e1utica, alimentaci\u00f3n, farmac\u00e9utica, textil y calzado, papel, cer\u00e1mica, pl\u00e1sticos, componentes industriales, medio ambiente, petroqu\u00edmica y otros sectores con necesidades de log\u00edstica y automatizaci\u00f3n industrial. En resumen, SIILOG crea soluciones completas de intralog\u00edstica industrial hardware, software y servicio orientadas a eficiencia, automatizaci\u00f3n y productividad.<\/p>\n\n\n\n<p class=\"ca-legal__p\">Estos T\u00e9rminos de Uso regulan el acceso y la utilizaci\u00f3n del sitio web https:\/\/www.siilog.com (en adelante, el \u201cSitio Web\u201d), incluyendo todas sus versiones en espa\u00f1ol, ingl\u00e9s, portugu\u00e9s y franc\u00e9s, as\u00ed como cualquier subdominio o p\u00e1gina asociada. Al acceder o utilizar el Sitio Web, usted acepta expresamente estos T\u00e9rminos de Uso. Si no est\u00e1 de acuerdo, debe abstenerse de utilizarlo.<\/p>\n\n\n\n<h6 class=\"ca-legal__sub-heading\">1. Informaci\u00f3n general y \u00e1mbito de aplicaci\u00f3n<\/h6>\n\n\n\n<p class=\"ca-legal__p\">El Sitio Web es propiedad de SIILOG \u2013 Sociedade de Inova\u00e7\u00e3o e Intralog\u00edstica, Lda. (Portugal), con presencia operativa y comercial en M\u00e9xico y orientaci\u00f3n hacia clientes en Europa (UE\/EEE), Norteam\u00e9rica (Estados Unidos, Canad\u00e1 y M\u00e9xico) y otros mercados. Estos T\u00e9rminos se aplican a todos los usuarios del Sitio Web, independientemente de su ubicaci\u00f3n geogr\u00e1fica.<\/p>\n\n\n\n<p class=\"ca-legal__p\">El contenido del Sitio Web tiene fines exclusivamente informativos y comerciales: presentaci\u00f3n de la empresa, noticias, sectores de actividad, productos\/servicios, casos de \u00e9xito, recursos t\u00e9cnicos y formularios de contacto. No constituye asesoramiento t\u00e9cnico, legal ni contractual vinculante. Cualquier relaci\u00f3n comercial se formalizar\u00e1 mediante contratos espec\u00edficos.<\/p>\n\n\n\n<h6 class=\"ca-legal__sub-heading\">2. Propiedad intelectual e industrial<\/h6>\n\n\n\n<p class=\"ca-legal__p\">Todo el contenido del Sitio Web (textos, im\u00e1genes, logotipos, v\u00eddeos, software, dise\u00f1os, cat\u00e1logos t\u00e9cnicos, whitepapers y marcas como SIILOG, iTechMold Precision e iTechMetal Precision) es propiedad exclusiva de SIILOG o de terceros licenciados. Est\u00e1 protegido por leyes de derechos de autor, marcas y propiedad industrial aplicables en Portugal, M\u00e9xico, la Uni\u00f3n Europea y Estados Unidos.<\/p>\n\n\n\n<p class=\"ca-legal__p\">Queda prohibida cualquier reproducci\u00f3n, distribuci\u00f3n, modificaci\u00f3n, comunicaci\u00f3n p\u00fablica o explotaci\u00f3n comercial sin autorizaci\u00f3n previa por escrito de SIILOG. Los usuarios pueden visualizar y descargar material \u00fanicamente para uso personal o interno en su empresa, siempre citando la fuente.<\/p>\n\n\n\n<h6 class=\"ca-legal__sub-heading\">3. Uso permitido y prohibiciones<\/h6>\n\n\n\n<p class=\"ca-legal__p\">El Sitio Web est\u00e1 destinado a profesionales del sector industrial, ingenieros, gerentes de operaciones log\u00edsticas y empresas interesadas en soluciones de intralog\u00edstica. Se permite el acceso y navegaci\u00f3n de buena fe.<\/p>\n\n\n\n<p class=\"ca-legal__p\">Queda estrictamente prohibido:<\/p>\n\n\n\n<ul class=\"ca-legal__ul\">\n<li class=\"ca-legal__li\">Utilizar el Sitio Web para fines il\u00edcitos, fraudulentos o que vulneren derechos de terceros.<\/li>\n\n\n\n<li class=\"ca-legal__li\">Realizar scraping, crawling autom\u00e1tico o extracci\u00f3n masiva de datos sin consentimiento.<\/li>\n\n\n\n<li class=\"ca-legal__li\">Introducir virus, malware o realizar ataques que afecten la disponibilidad del Sitio Web.<\/li>\n\n\n\n<li class=\"ca-legal__li\">Difundir informaci\u00f3n falsa sobre productos o servicios de SIILOG.<\/li>\n\n\n\n<li class=\"ca-legal__li\">Usar el Sitio Web para competir deslealmente con SIILOG.<\/li>\n<\/ul>\n\n\n\n<p class=\"ca-legal__p\">SIILOG se reserva el derecho de bloquear el acceso a cualquier usuario que incumpla estos T\u00e9rminos.<\/p>\n\n\n\n<h6 class=\"ca-legal__sub-heading\">4. Formularios de contacto, descargas y comunicaciones<\/h6>\n\n\n\n<p class=\"ca-legal__p\">Al completar formularios (solicitud de cotizaci\u00f3n, descarga de whitepapers, suscripci\u00f3n a newsletter, etc.) usted proporciona datos voluntariamente. El tratamiento de dichos datos se rige por nuestra Pol\u00edtica de Privacidad (enlace directo), que incorpora los requisitos del RGPD (Reglamento (UE) 2016\/679), la LFPDPPP mexicana (Ley Federal de Protecci\u00f3n de Datos Personales en Posesi\u00f3n de los Particulares, vigente en su versi\u00f3n 2025), la CCPA\/CPRA de California y leyes equivalentes en Norteam\u00e9rica.<\/p>\n\n\n\n<p class=\"ca-legal__p\">SIILOG utilizar\u00e1 sus datos para responder consultas, enviar informaci\u00f3n sobre soluciones de intralog\u00edstica, automatizaci\u00f3n y servicios SIILOG Service24, y mejorar la experiencia del usuario. Usted puede ejercer sus derechos ARCO (M\u00e9xico), derechos GDPR (Europa) o derechos CCPA (Norteam\u00e9rica) en cualquier momento a trav\u00e9s del correo indicado en la Pol\u00edtica de Privacidad.<\/p>\n\n\n\n<h6 class=\"ca-legal__sub-heading\">5. Exclusi\u00f3n de garant\u00edas y responsabilidad<\/h6>\n\n\n\n<p class=\"ca-legal__p\">El Sitio Web se ofrece \u201ctal cual\u201d y \u201cseg\u00fan disponibilidad\u201d. SIILOG no garantiza:<\/p>\n\n\n\n<ul class=\"ca-legal__ul\">\n<li class=\"ca-legal__li\">La disponibilidad ininterrumpida o libre de errores.<\/li>\n\n\n\n<li class=\"ca-legal__li\">Que la informaci\u00f3n t\u00e9cnica sobre sistemas de transportadores, AGVs, WMS, iTechMold Precision o iTechMetal Precision est\u00e9 libre de actualizaciones futuras.<\/li>\n\n\n\n<li class=\"ca-legal__li\">La exactitud de estimaciones de ROI o casos de \u00e9xito (son ejemplos ilustrativos).<\/li>\n<\/ul>\n\n\n\n<h6 class=\"ca-legal__sub-heading\">6. Enlaces a terceros<\/h6>\n\n\n\n<p class=\"ca-legal__p\">El Sitio Web puede contener enlaces a sitios externos (proveedores tecnol\u00f3gicos, ferias sectoriales, etc.). SIILOG no controla ni se hace responsable del contenido, pol\u00edticas de privacidad o pr\u00e1cticas de dichos sitios.<\/p>\n\n\n\n<h6 class=\"ca-legal__sub-heading\">7. Modificaciones de los T\u00e9rminos<\/h6>\n\n\n\n<p class=\"ca-legal__p\">SIILOG se reserva el derecho de modificar estos T\u00e9rminos en cualquier momento. Las modificaciones se publicar\u00e1n en esta p\u00e1gina con la fecha de actualizaci\u00f3n. El uso continuado del Sitio Web tras la publicaci\u00f3n implica aceptaci\u00f3n de los nuevos t\u00e9rminos.<\/p>\n\n\n\n<h6 class=\"ca-legal__sub-heading\">8. Ley aplicable y jurisdicci\u00f3n<\/h6>\n\n\n\n<p class=\"ca-legal__p\">Estos T\u00e9rminos se rigen e interpretan de acuerdo con la legislaci\u00f3n portuguesa, sin perjuicio de las normas imperativas de protecci\u00f3n al consumidor o de privacidad aplicables en la Uni\u00f3n Europea (RGPD), M\u00e9xico (LFPDPPP 2025 y C\u00f3digo Civil Federal) o Estados Unidos (leyes estatales de privacidad, incluidas CCPA\/CPRA).<\/p>\n\n\n\n<p class=\"ca-legal__p\">Cualquier controversia se someter\u00e1 a los tribunales competentes de Lisboa (Portugal) o, a elecci\u00f3n del usuario consumidor, al foro de su domicilio si \u00e9ste se encuentra en la UE o M\u00e9xico, conforme a la normativa aplicable. Para usuarios empresariales en Norteam\u00e9rica, las disputas se resolver\u00e1n preferentemente mediante arbitraje confidencial en la C\u00e1mara de Comercio Internacional (CCI).<\/p>\n\n\n\n<h6 class=\"ca-legal__sub-heading\">9. Contacto y soporte legal<\/h6>\n\n\n\n<p class=\"ca-legal__p\">Para cualquier duda sobre estos T\u00e9rminos de Uso, la Pol\u00edtica de Privacidad o el Sitio Web, contacte al:<\/p>\n\n\n\n<p class=\"ca-legal__p\"><strong>Departamento Jur\u00eddico y de Cumplimiento<br><\/strong>SIILOG \u2013 Sociedade de Inova\u00e7\u00e3o e Intralog\u00edstica, Lda.<br>Email: <a href=\"mailto:legal@siilog.com\">legal@siilog.com<\/a><br>Tel\u00e9fono: <a href=\"tel:351000000000\">+351 000 000 000<\/a> (Portugal) \/ +52 000 000 0000 (M\u00e9xico)<\/p>\n\n\n\n<p class=\"ca-legal__p\">Nota importante: Estos T\u00e9rminos constituyen un marco contractual general. No sustituyen asesoramiento legal personalizado. Recomendamos consultar a un abogado especializado en su jurisdicci\u00f3n para garantizar el cumplimiento pleno seg\u00fan su ubicaci\u00f3n y actividad. SIILOG se compromete a mantener el Sitio Web en cumplimiento continuo con las regulaciones de privacidad y comercio electr\u00f3nico vigentes en Europa, Norteam\u00e9rica y M\u00e9xico.<\/p>\n\n\n\n<h6 class=\"ca-legal__sub-heading\">10. Informaci\u00f3n al consumidor (Resoluci\u00f3n de conflictos)<\/h6>\n\n\n\n<p class=\"ca-legal__p\">En caso de litigio de consumo, el consumidor puede recurrir a la siguiente entidad de resoluci\u00f3n alternativa de conflictos de consumo:<\/p>\n\n\n\n<p class=\"ca-legal__p\"><strong>Centro de Informaci\u00f3n de Consumo y Arbitraje de Oporto<br><\/strong>Tel.: <a href=\"tel:351225508349\">+351 225 508 349<\/a> \/ <a href=\"tel:351225029791\">+351 225 029 791<\/a><br>Correo electr\u00f3nico: <a href=\"mailto:cicap@mail.telepac.pt\">cicap@mail.telepac.pt<\/a><br>Sitio web: <a href=\"https:\/\/www.cicap.pt\">www.cicap.pt<\/a><\/p>\n\n\n\n<p class=\"ca-legal__p\">Para actualizaciones y m\u00e1s informaci\u00f3n, puede consultar el Portal del Consumidor en: www.consumidor.pt\n(de conformidad con el art\u00edculo 18.\u00ba de la Ley n.\u00ba 144\/2015, de 8 de septiembre)<\/p>\n<\/div>\n<\/section>","protected":false},"excerpt":{"rendered":"","protected":false},"author":1,"featured_media":0,"parent":0,"menu_order":0,"comment_status":"closed","ping_status":"closed","template":"","meta":{"_acf_changed":false,"_gspb_post_css":"","footnotes":""},"class_list":["post-203","page","type-page","status-publish","hentry"],"acf":[],"_links":{"self":[{"href":"https:\/\/siilog.bloque9.design\/pt\/wp-json\/wp\/v2\/pages\/203","targetHints":{"allow":["GET"]}}],"collection":[{"href":"https:\/\/siilog.bloque9.design\/pt\/wp-json\/wp\/v2\/pages"}],"about":[{"href":"https:\/\/siilog.bloque9.design\/pt\/wp-json\/wp\/v2\/types\/page"}],"author":[{"embeddable":true,"href":"https:\/\/siilog.bloque9.design\/pt\/wp-json\/wp\/v2\/users\/1"}],"replies":[{"embeddable":true,"href":"https:\/\/siilog.bloque9.design\/pt\/wp-json\/wp\/v2\/comments?post=203"}],"version-history":[{"count":0,"href":"https:\/\/siilog.bloque9.design\/pt\/wp-json\/wp\/v2\/pages\/203\/revisions"}],"wp:attachment":[{"href":"https:\/\/siilog.bloque9.design\/pt\/wp-json\/wp\/v2\/media?parent=203"}],"curies":[{"name":"wp","href":"https:\/\/api.w.org\/{rel}","templated":true}]}}