{"id":67,"date":"2026-03-13T09:19:54","date_gmt":"2026-03-13T15:19:54","guid":{"rendered":"https:\/\/siilog.bloque9.design\/?page_id=67"},"modified":"2026-04-23T12:28:30","modified_gmt":"2026-04-23T18:28:30","slug":"compania","status":"publish","type":"page","link":"https:\/\/siilog.bloque9.design\/pt\/compania\/","title":{"rendered":"Compa\u00f1ia"},"content":{"rendered":"<style>.gsbp-03d2bea{padding-top:var(--gap-150);padding-bottom:var(--gap-100);margin-top:0px;margin-bottom:0px;margin-left:0px;margin-right:0px;}<\/style>\n<section class=\"section-main gsbp-03d2bea alignfull\" data-type=\"section-component\"><style>.gsbp-ba0325d{display:flex;flex-direction:row;justify-content:flex-start;}<\/style>\n<div class=\"c-a-1920 gsbp-ba0325d\"><style>.gsbp-2e237ab > *{transition-duration:0.8s;}.gsbp-2e237ab > *{transition-timing-function:var(--gs-root-animation-easing,cubic-bezier(0.42,0,0.58,1));}.gsbp-2e237ab > *:first-child{transition-delay:calc(var(--gs-root-animation-delay,.01s) + calc(var(--gs-root-animation-delay-multiplier,.1s) * 0))}.gsbp-2e237ab > *:nth-child(2){transition-delay:calc(var(--gs-root-animation-delay,.01s) + calc(var(--gs-root-animation-delay-multiplier,.1s) * 1))}.gsbp-2e237ab > *:nth-child(3){transition-delay:calc(var(--gs-root-animation-delay,.01s) + calc(var(--gs-root-animation-delay-multiplier,.1s) * 2))}.gsbp-2e237ab > *:nth-child(4){transition-delay:calc(var(--gs-root-animation-delay,.01s) + calc(var(--gs-root-animation-delay-multiplier,.1s) * 3))}.gsbp-2e237ab > *:nth-child(5){transition-delay:calc(var(--gs-root-animation-delay,.01s) + calc(var(--gs-root-animation-delay-multiplier,.1s) * 4))}.gsbp-2e237ab > *:nth-child(6){transition-delay:calc(var(--gs-root-animation-delay,.01s) + calc(var(--gs-root-animation-delay-multiplier,.1s) * 5))}.gsbp-2e237ab > *:nth-child(7){transition-delay:calc(var(--gs-root-animation-delay,.01s) + calc(var(--gs-root-animation-delay-multiplier,.1s) * 6))}.gsbp-2e237ab > *:nth-child(8){transition-delay:calc(var(--gs-root-animation-delay,.01s) + calc(var(--gs-root-animation-delay-multiplier,.1s) * 7))}.gsbp-2e237ab > *:nth-child(9){transition-delay:calc(var(--gs-root-animation-delay,.01s) + calc(var(--gs-root-animation-delay-multiplier,.1s) * 8))}.gsbp-2e237ab > *:nth-child(n+10){transition-delay:calc(var(--gs-root-animation-delay,.01s) + calc(var(--gs-root-animation-delay-multiplier,.1s) * 9))}.gsbp-2e237ab > *{opacity:var(--gs-root-animation-opacity,0);transition-property:opacity,transform,filter;}.gsbp-2e237ab.aos-animate > *,.gsbp-2e237ab[data-gs-aos] > *{opacity:1;transform:translateZ(0);}.gsbp-2e237ab > *{transform:var(--gs-root-animation-transform,translate3d(calc(max(50px,15%) * -1),0,0));}<\/style>\n<div data-aos=\"fade-right\" data-aos-easing=\"ease\" data-aos-duration=\"800\" class=\"casiih gsbp-2e237ab\" data-type=\"content-area-component\">\n<h1 class=\"casiih__h1\">Desarrollamos competencias en la concepci\u00f3n y la realizaci\u00f3n, de proeyctos llave en mano.<\/h1>\n\n\n\n<div class=\"casiih__text-wrapper\">\n<p class=\"casiih__p\">La imagen de SIILOG se define como creadora de valor para nuestros clientes, a trav\u00e9s de la puesta en marcha de soluciones de productividad adaptadas a sus necesidades log\u00edsticas espec\u00edficas.\u00a0<\/p>\n\n\n\n<img decoding=\"async\" src=\"https:\/\/siilog.bloque9.design\/wp-content\/uploads\/2026\/03\/arrow-down.svg\" alt=\"\" class=\"casiih__svg\"\/>\n<\/div>\n<\/div>\n<\/div>\n<\/section>\n\n\n<style>.gsbp-af3ef87{display:flex;justify-content:center;flex-direction:column;align-items:center;padding-right:var(--wp--custom--spacing--side,min(3vw,20px));padding-left:var(--wp--custom--spacing--side,min(3vw,20px));padding-top:var(--wp--custom--spacing--top,0px);padding-bottom:var(--wp--custom--spacing--bottom,0px);margin-top:0px;margin-bottom:0px;position:relative;aspect-ratio:16\/9;max-height:1080px;max-width:1921px;}@media (max-width:991.98px){.gsbp-af3ef87{aspect-ratio:4\/3;}}@media (max-width:767.98px){.gsbp-af3ef87{aspect-ratio:9\/10;}}<\/style>\n<section class=\"gsbp-af3ef87 alignfull\" data-type=\"section-component\"><style>.gsbp-0bf9752{max-width:100%;width:var(--wp--style--global--wide-size,1200px);z-index:2;display:flex;flex-direction:column;justify-content:center;align-items:center;}.gsbp-0bf9752{transition-duration:0.8s;}.gsbp-0bf9752{transition-timing-function:var(--gs-root-animation-easing,cubic-bezier(0.42,0,0.58,1));}.gsbp-0bf9752{opacity:var(--gs-root-animation-opacity,0);transition-property:opacity,transform;}.gsbp-0bf9752.aos-animate,.gsbp-0bf9752[data-gs-aos]{opacity:1;transform:translateZ(0) scale(1);}.gsbp-0bf9752{transform:var(--gs-root-animation-transform,scale(1.2));}<\/style>\n<div data-aos=\"zoom-out\" data-aos-easing=\"ease\" data-aos-duration=\"800\" class=\"gsbp-0bf9752\" data-type=\"content-area-component\"><style>.gsbp-78d7a8d{width:var(--gap-150);height:var(--gap-150);cursor:pointer;}<\/style>\n<img decoding=\"async\" src=\"https:\/\/siilog.bloque9.design\/wp-content\/uploads\/2026\/03\/play-icon.svg\" alt=\"\" data-gspbactions=\"[{&quot;actions&quot;:[{&quot;actionname&quot;:&quot;lightbox&quot;,&quot;lightboxlink&quot;:&quot;https:\/\/youtu.be\/1jYxzqZnLHk?si=ZtrGWIF9fHIxJZ08&quot;}],&quot;env&quot;:&quot;no-action&quot;,&quot;triggerData&quot;:{&quot;trigger&quot;:&quot;click&quot;}}]\" class=\"gsbp-78d7a8d\"\/>\n<\/div>\n\n\n<style>.gsbp-fbc6824{position:absolute;inset:0px;z-index:1;aspect-ratio:16\/9;object-fit:cover;}@media (max-width:991.98px){.gsbp-fbc6824{aspect-ratio:4\/3;}}@media (max-width:767.98px){.gsbp-fbc6824{aspect-ratio:9\/10;}}<\/style>\n<img decoding=\"async\" class=\"gsbp-fbc6824\" src=\"https:\/\/siilog.bloque9.design\/wp-content\/uploads\/2026\/03\/compania-video-placeholder.webp\" alt=\"\" width=\"1920\" height=\"1080\" loading=\"lazy\"\/>\n<\/section>\n\n\n\n<section class=\"section-main alignfull\" data-type=\"section-component\"><style>.gsbp-c66656b{padding-top:var(--gap-75);padding-bottom:20px;display:flex;flex-direction:column;justify-content:flex-start;align-items:flex-start;row-gap:var(--gap-75);}<\/style>\n<div class=\"c-a-1920 gsbp-c66656b\" data-type=\"content-area-component\"><style>.gsbp-e31f319{color:var(--wp--preset--color--custom-blanco,#ffffff);width:55%;}@media (max-width:991.98px){.gsbp-e31f319{width:75%;}}@media (max-width:575.98px){.gsbp-e31f319{width:100%;}}<\/style>\n<h2 class=\"gsbp-e31f319\">Somos una compa\u00f1ia especializada en la aplicaci\u00f3n de las m\u00e1s avanzadas tecnolog\u00edas multidisciplinarias<\/h2>\n\n\n<style>.gsbp-8c324f6{object-fit:contain;}.gsbp-8c324f6{display:flex;align-self:end;padding-left:5vw;border-top-left-radius:8px;border-bottom-left-radius:8px;border-top-right-radius:8px;border-bottom-right-radius:8px;}@media (max-width:991.98px){.gsbp-8c324f6{padding-left:15vw;}}@media (max-width:767.98px){.gsbp-8c324f6{height:350px;object-fit:cover;object-position:center center;}}@media (max-width:575.98px){.gsbp-8c324f6{padding-left:0vw;height:250px;}}.gsbp-8c324f6{transition-duration:0.8s;}.gsbp-8c324f6{transition-timing-function:var(--gs-root-animation-easing,cubic-bezier(0.42,0,0.58,1));}.gsbp-8c324f6{transition-property:transform;}.gsbp-8c324f6.aos-animate,.gsbp-8c324f6[data-gs-aos]{transform:translateZ(0)}.gsbp-8c324f6{transform:var(--gs-root-animation-transform,translate3d(0,-100%,0));}<\/style>\n<img decoding=\"async\" data-aos=\"slide-down\" data-aos-easing=\"ease\" data-aos-duration=\"800\" class=\"gsbp-8c324f6\" src=\"https:\/\/siilog.bloque9.design\/wp-content\/uploads\/2026\/03\/siilog-somos-una-compania-especializada.webp\" alt=\"\" width=\"1280\" height=\"720\" loading=\"lazy\"\/>\n<\/div>\n<\/section>\n\n\n<style>.gsbp-fb15df3{background-color:var(--wp--preset--color--custom-negro-light,#101010);padding-top:var(--gap-200);padding-bottom:var(--gap-200);display:flex;row-gap:var(--gap-75);overflow:clip;}<\/style>\n<section class=\"section-main gsbp-fb15df3 alignfull\" data-type=\"section-component\"><style>.gsbp-c3f50e2{display:flex;flex-direction:column;justify-content:flex-start;align-items:center;}@media (max-width:767.98px){.gsbp-c3f50e2{display:flex;flex-direction:column;justify-content:flex-start;align-items:center;}}<\/style>\n<div class=\"c-a-800 gsbp-c3f50e2\"><style>.gsbp-66f3da8{color:var(--wp--preset--color--custom-blanco,#ffffff);text-align:center;max-width:670px;}@media (max-width:767.98px){.gsbp-66f3da8{text-align:left;max-width:400px;}}<\/style>\n<h2 class=\"gsbp-66f3da8\">Ingenier\u00eda, desarrollo y fabricaci\u00f3n<\/h2>\n<\/div>\n\n\n\n<div class=\"caingdesfab c-a-1536\" data-type=\"content-area-component\">\n<div class=\"caingdesfab__column-1-3 gsbp-6d90f71\"><style>@media (max-width:767.98px){.gsbp-984929b{color:var(--wp--preset--color--custom-secundario,#c0c1c2) !important;}}.gsbp-984929b{transition-duration:0.8s;}.gsbp-984929b{transition-timing-function:var(--gs-root-animation-easing,cubic-bezier(0.42,0,0.58,1));}.gsbp-984929b{opacity:var(--gs-root-animation-opacity,0);transition-property:opacity,transform,filter;}.gsbp-984929b.aos-animate,.gsbp-984929b[data-gs-aos]{opacity:1;transform:translateZ(0);}.gsbp-984929b{transform:var(--gs-root-animation-transform,translate3d(0,calc(max(50px,15%)),0));}<\/style>\n<h5 data-aos=\"fade-up\" data-aos-easing=\"ease\" data-aos-duration=\"800\" class=\"caingdesfab__h5 gsbp-984929b\">Nos posicionamos como una empresa desarrolladora de soluciones y equipamientos de media y alta tecnolog\u00eda, complementadas con actividades de investigaci\u00f3n y desarrollo en distintos sectores de la econom\u00eda.<\/h5>\n<\/div>\n\n\n<style>@media (max-width:767.98px){.gsbp-79aeda2{display:flex !important;}}<\/style>\n<div class=\"caingdesfab__column-2 gsbp-79aeda2\"><style>.gsbp-d1638e1{animation:gs_2940 linear both;animation-timeline:view();animation-range:entry;}@keyframes gs_2940{0%{clip-path:inset(45% 20% 45% 20%);transform:translateY(35%);}100%{clip-path:inset(0% 0% 0% 0%);transform:translateY(0%);}}@media (prefers-reduced-motion){.gsbp-d1638e1{animation:none !important;}}<\/style>\n<img decoding=\"async\" class=\"caingdesfab__img gsbp-d1638e1\" src=\"https:\/\/siilog.bloque9.design\/wp-content\/uploads\/2026\/04\/siilog-compania-ingenieria-desarrollo-y-fabricacion-2.webp\" alt=\"\" width=\"622\" height=\"695\" loading=\"lazy\"\/>\n<\/div>\n\n\n<style>.gsbp-e8303ed > *{transition-duration:0.8s;}.gsbp-e8303ed > *{transition-timing-function:var(--gs-root-animation-easing,cubic-bezier(0.42,0,0.58,1));}.gsbp-e8303ed > *:first-child{transition-delay:calc(var(--gs-root-animation-delay,.01s) + calc(var(--gs-root-animation-delay-multiplier,.1s) * 0))}.gsbp-e8303ed > *:nth-child(2){transition-delay:calc(var(--gs-root-animation-delay,.01s) + calc(var(--gs-root-animation-delay-multiplier,.1s) * 1))}.gsbp-e8303ed > *:nth-child(3){transition-delay:calc(var(--gs-root-animation-delay,.01s) + calc(var(--gs-root-animation-delay-multiplier,.1s) * 2))}.gsbp-e8303ed > *:nth-child(4){transition-delay:calc(var(--gs-root-animation-delay,.01s) + calc(var(--gs-root-animation-delay-multiplier,.1s) * 3))}.gsbp-e8303ed > *:nth-child(5){transition-delay:calc(var(--gs-root-animation-delay,.01s) + calc(var(--gs-root-animation-delay-multiplier,.1s) * 4))}.gsbp-e8303ed > *:nth-child(6){transition-delay:calc(var(--gs-root-animation-delay,.01s) + calc(var(--gs-root-animation-delay-multiplier,.1s) * 5))}.gsbp-e8303ed > *:nth-child(7){transition-delay:calc(var(--gs-root-animation-delay,.01s) + calc(var(--gs-root-animation-delay-multiplier,.1s) * 6))}.gsbp-e8303ed > *:nth-child(8){transition-delay:calc(var(--gs-root-animation-delay,.01s) + calc(var(--gs-root-animation-delay-multiplier,.1s) * 7))}.gsbp-e8303ed > *:nth-child(9){transition-delay:calc(var(--gs-root-animation-delay,.01s) + calc(var(--gs-root-animation-delay-multiplier,.1s) * 8))}.gsbp-e8303ed > *:nth-child(n+10){transition-delay:calc(var(--gs-root-animation-delay,.01s) + calc(var(--gs-root-animation-delay-multiplier,.1s) * 9))}.gsbp-e8303ed > *{opacity:var(--gs-root-animation-opacity,0);transition-property:opacity,transform,filter;}.gsbp-e8303ed.aos-animate > *,.gsbp-e8303ed[data-gs-aos] > *{opacity:1;transform:translateZ(0);}.gsbp-e8303ed > *{transform:var(--gs-root-animation-transform,translate3d(0,calc(max(50px,15%)),0));}<\/style>\n<div data-aos=\"fade-up\" data-aos-easing=\"ease\" data-aos-duration=\"800\" class=\"caingdesfab__column-1-3 gsbp-e8303ed gsbp-e8303ed\">\n<h5 class=\"caingdesfab__h5\">Nuestra capacidad productiva incluye:<\/h5>\n\n\n\n<div class=\"caingdesfab__icon-list\">\n<div class=\"caingdesfab__icon-list-item\">\n<img decoding=\"async\" src=\"https:\/\/siilog.bloque9.design\/wp-content\/uploads\/2026\/03\/check-icon.svg\" alt=\"\" class=\"caingdesfab__svg\"\/>\n\n\n\n<p class=\"caingdesfab__p\">Fabricaci\u00f3n estrat\u00e9gica de componentes mec\u00e1nicos especializados<\/p>\n<\/div>\n\n\n\n<div class=\"caingdesfab__icon-list-item\">\n<img decoding=\"async\" src=\"https:\/\/siilog.bloque9.design\/wp-content\/uploads\/2026\/03\/check-icon.svg\" alt=\"\" class=\"caingdesfab__svg\"\/>\n\n\n\n<p class=\"caingdesfab__p\">Desarrollo e integraci\u00f3n de cuadros de control y potencia<\/p>\n<\/div>\n\n\n\n<div class=\"caingdesfab__icon-list-item\">\n<img decoding=\"async\" src=\"https:\/\/siilog.bloque9.design\/wp-content\/uploads\/2026\/03\/check-icon.svg\" alt=\"\" class=\"caingdesfab__svg\"\/>\n\n\n\n<p class=\"caingdesfab__p\">Laboratorio de software para control y supervisi\u00f3n de procesos<\/p>\n<\/div>\n\n\n\n<div class=\"caingdesfab__icon-list-item\">\n<img decoding=\"async\" src=\"https:\/\/siilog.bloque9.design\/wp-content\/uploads\/2026\/03\/check-icon.svg\" alt=\"\" class=\"caingdesfab__svg\"\/>\n\n\n\n<p class=\"caingdesfab__p\">Premontaje y ensamblaje en instalaciones industriales especializadas<\/p>\n<\/div>\n\n\n\n<div class=\"caingdesfab__icon-list-item\">\n<img decoding=\"async\" src=\"https:\/\/siilog.bloque9.design\/wp-content\/uploads\/2026\/03\/check-icon.svg\" alt=\"\" class=\"caingdesfab__svg\"\/>\n\n\n\n<p class=\"caingdesfab__p\">Instalaci\u00f3n en las instalaciones del cliente<\/p>\n<\/div>\n\n\n\n<div class=\"caingdesfab__icon-list-item\">\n<img decoding=\"async\" src=\"https:\/\/siilog.bloque9.design\/wp-content\/uploads\/2026\/03\/check-icon.svg\" alt=\"\" class=\"caingdesfab__svg\"\/>\n\n\n\n<p class=\"caingdesfab__p\">Servicio postventa y mantenimiento<\/p>\n<\/div>\n<\/div>\n<\/div>\n<\/div>\n<\/section>\n\n\n<style>.gsbp-c0cbd4c{padding-top:var(--gap-200);padding-bottom:var(--gap-200);display:flex;flex-direction:column;row-gap:var(--gap-100);}<\/style>\n<section class=\"section-main gsbp-c0cbd4c alignfull\" data-type=\"section-component\">\n<div class=\"c-a-1536 cahw\"><style>.gsbp-e062916{transition-duration:0.8s;}.gsbp-e062916{transition-timing-function:var(--gs-root-animation-easing,cubic-bezier(0.42,0,0.58,1));}.gsbp-e062916{backface-visibility:hidden;transition-property:opacity,transform;opacity:var(--gs-root-animation-opacity,0);}.gsbp-e062916{transform:var(--gs-root-animation-transform,perspective(2500px) rotateX(60deg) translate3d(0,-30px,0));}.gsbp-e062916.aos-animate,.gsbp-e062916[data-gs-aos]{transform:perspective(2500px) rotateX(0) translateZ(0);opacity:1;}<\/style>\n<h2 data-aos=\"flip-down\" data-aos-easing=\"ease\" data-aos-duration=\"800\" class=\"cahw__h2 gsbp-e062916\">Integraci\u00f3n tecnol\u00f3gica y Experiencia en proyectos industriales<\/h2>\n\n\n\n<div class=\"cahw__div-text\">\n<p class=\"cahw__p1\">Garantizamos la integraci\u00f3n eficiente de diferentes disciplinas tecnol\u00f3gicas para desarrollar soluciones robustas y confiables.<\/p>\n\n\n\n<p class=\"cahw__p2\">Nuestros proyectos se han implementado en diversas \u00e1reas de actividad industrial, respaldando la eficiencia operativa de nuestros clientes.<\/p>\n<\/div>\n<\/div>\n\n\n<style>.gsbp-3130306 > *{transition-duration:0.8s;}.gsbp-3130306 > *{transition-timing-function:var(--gs-root-animation-easing,cubic-bezier(0.42,0,0.58,1));}.gsbp-3130306 > *:first-child{transition-delay:calc(var(--gs-root-animation-delay,.01s) + calc(var(--gs-root-animation-delay-multiplier,.1s) * 0))}.gsbp-3130306 > *:nth-child(2){transition-delay:calc(var(--gs-root-animation-delay,.01s) + calc(var(--gs-root-animation-delay-multiplier,.1s) * 1))}.gsbp-3130306 > *:nth-child(3){transition-delay:calc(var(--gs-root-animation-delay,.01s) + calc(var(--gs-root-animation-delay-multiplier,.1s) * 2))}.gsbp-3130306 > *:nth-child(4){transition-delay:calc(var(--gs-root-animation-delay,.01s) + calc(var(--gs-root-animation-delay-multiplier,.1s) * 3))}.gsbp-3130306 > *:nth-child(5){transition-delay:calc(var(--gs-root-animation-delay,.01s) + calc(var(--gs-root-animation-delay-multiplier,.1s) * 4))}.gsbp-3130306 > *:nth-child(6){transition-delay:calc(var(--gs-root-animation-delay,.01s) + calc(var(--gs-root-animation-delay-multiplier,.1s) * 5))}.gsbp-3130306 > *:nth-child(7){transition-delay:calc(var(--gs-root-animation-delay,.01s) + calc(var(--gs-root-animation-delay-multiplier,.1s) * 6))}.gsbp-3130306 > *:nth-child(8){transition-delay:calc(var(--gs-root-animation-delay,.01s) + calc(var(--gs-root-animation-delay-multiplier,.1s) * 7))}.gsbp-3130306 > *:nth-child(9){transition-delay:calc(var(--gs-root-animation-delay,.01s) + calc(var(--gs-root-animation-delay-multiplier,.1s) * 8))}.gsbp-3130306 > *:nth-child(n+10){transition-delay:calc(var(--gs-root-animation-delay,.01s) + calc(var(--gs-root-animation-delay-multiplier,.1s) * 9))}.gsbp-3130306 > *{opacity:var(--gs-root-animation-opacity,0);transition-property:opacity,transform,filter;}.gsbp-3130306.aos-animate > *,.gsbp-3130306[data-gs-aos] > *{opacity:1;transform:translateZ(0);}.gsbp-3130306 > *{transform:var(--gs-root-animation-transform,translate3d(0,calc(max(50px,15%) * -1),0));}<\/style>\n<div data-aos=\"fade-down\" data-aos-easing=\"ease\" data-aos-duration=\"800\" class=\"c-a-1536 cacards gsbp-3130306\">\n<div class=\"cacards__card-wrapper\">\n<img decoding=\"async\" class=\"cacards__img\" src=\"https:\/\/siilog.bloque9.design\/wp-content\/uploads\/2026\/04\/nuestros-proeyctos-integran-2.webp\" alt=\"\" width=\"753\" height=\"507\" loading=\"lazy\"\/>\n\n\n\n<div class=\"cacards__text-wrapper\">\n<h4 class=\"cacards__h4\">Nuestros proyectos integran:<\/h4>\n\n\n\n<ul class=\"cacards__ul\">\n<li class=\"cacards__li\">Mec\u00e1nica de precisi\u00f3n<\/li>\n\n\n\n<li class=\"cacards__li\">Sistemas hidr\u00e1ulicos y neum\u00e1ticos<\/li>\n\n\n\n<li class=\"cacards__li\">Ingenier\u00eda el\u00e9ctrica<\/li>\n\n\n\n<li class=\"cacards__li\">Automatizaci\u00f3n industrial<\/li>\n\n\n\n<li class=\"cacards__li\">Programaci\u00f3n y control de procesos<\/li>\n<\/ul>\n<\/div>\n<\/div>\n\n\n\n<div class=\"cacards__card-wrapper\">\n<img decoding=\"async\" class=\"cacards__img\" src=\"https:\/\/siilog.bloque9.design\/wp-content\/uploads\/2026\/04\/desarrollo-e-implementacion-2_1.webp\" alt=\"\" width=\"753\" height=\"507\" loading=\"lazy\"\/>\n\n\n\n<div class=\"cacards__text-wrapper\">\n<h4 class=\"cacards__h4\">Desarrollo e implementaci\u00f3n:<\/h4>\n\n\n\n<ul class=\"cacards__ul\">\n<li class=\"cacards__li\">Sistemas de transporte y manejo de productos<\/li>\n\n\n\n<li class=\"cacards__li\">Equipamientos industriales especializados<\/li>\n\n\n\n<li class=\"cacards__li\">Sistemas log\u00edsticos automatizados<\/li>\n\n\n\n<li class=\"cacards__li\">Proyectos de montaje e instalaci\u00f3n industrial<\/li>\n\n\n\n<li class=\"cacards__li\">Contratos de mantenimiento t\u00e9cnico<\/li>\n<\/ul>\n<\/div>\n<\/div>\n<\/div>\n<\/section>\n\n\n<style>.gsbp-84734de{aspect-ratio:16\/9;display:flex;flex-direction:column;justify-content:flex-start;padding-top:var(--gap-150);}@media (max-width:991.98px){.gsbp-84734de{aspect-ratio:4\/3;}}@media (max-width:767.98px){.gsbp-84734de{aspect-ratio:9\/10;}}@media (max-width:575.98px){.gsbp-84734de{aspect-ratio:9\/16;}}<\/style>\n<section class=\"section-main gsbp-84734de alignfull\" data-type=\"section-component\">\n<div class=\"cavcta\" data-type=\"content-area-component\"><style>.gsbp-d5fce44 > *{transition-duration:0.8s;}.gsbp-d5fce44 > *{transition-timing-function:var(--gs-root-animation-easing,cubic-bezier(0.42,0,0.58,1));}.gsbp-d5fce44 > *:first-child{transition-delay:calc(var(--gs-root-animation-delay,.01s) + calc(var(--gs-root-animation-delay-multiplier,.1s) * 0))}.gsbp-d5fce44 > *:nth-child(2){transition-delay:calc(var(--gs-root-animation-delay,.01s) + calc(var(--gs-root-animation-delay-multiplier,.1s) * 1))}.gsbp-d5fce44 > *:nth-child(3){transition-delay:calc(var(--gs-root-animation-delay,.01s) + calc(var(--gs-root-animation-delay-multiplier,.1s) * 2))}.gsbp-d5fce44 > *:nth-child(4){transition-delay:calc(var(--gs-root-animation-delay,.01s) + calc(var(--gs-root-animation-delay-multiplier,.1s) * 3))}.gsbp-d5fce44 > *:nth-child(5){transition-delay:calc(var(--gs-root-animation-delay,.01s) + calc(var(--gs-root-animation-delay-multiplier,.1s) * 4))}.gsbp-d5fce44 > *:nth-child(6){transition-delay:calc(var(--gs-root-animation-delay,.01s) + calc(var(--gs-root-animation-delay-multiplier,.1s) * 5))}.gsbp-d5fce44 > *:nth-child(7){transition-delay:calc(var(--gs-root-animation-delay,.01s) + calc(var(--gs-root-animation-delay-multiplier,.1s) * 6))}.gsbp-d5fce44 > *:nth-child(8){transition-delay:calc(var(--gs-root-animation-delay,.01s) + calc(var(--gs-root-animation-delay-multiplier,.1s) * 7))}.gsbp-d5fce44 > *:nth-child(9){transition-delay:calc(var(--gs-root-animation-delay,.01s) + calc(var(--gs-root-animation-delay-multiplier,.1s) * 8))}.gsbp-d5fce44 > *:nth-child(n+10){transition-delay:calc(var(--gs-root-animation-delay,.01s) + calc(var(--gs-root-animation-delay-multiplier,.1s) * 9))}.gsbp-d5fce44 > *{transition-property:transform;}.gsbp-d5fce44.aos-animate > *,.gsbp-d5fce44[data-gs-aos] > *{transform:translateZ(0)}.gsbp-d5fce44 > *{transform:var(--gs-root-animation-transform,translate3d(-100%,0,0));}<\/style>\n<div data-aos=\"slide-right\" data-aos-easing=\"ease\" data-aos-duration=\"800\" class=\"cavcta__text-wrapper gsbp-d5fce44\">\n<h2 class=\"cavcta__h2\">Aumenta tu productividad, recupera la tranquilidad y convierte la eficiencia en tu ventaja competitiva real.<\/h2>\n\n\n<style>.gsbp-25a9c52{display:flex;flex-direction:column;justify-content:flex-start;align-items:flex-start;row-gap:20px;max-width:394px;width:100%;}<\/style>\n<div class=\"cavcta__div gsbp-25a9c52\">\n<p class=\"cavcta__p\">Nuestro objetivo es acompa\u00f1arte en cada proyecto desde la idea inicial hasta la entrega de soluciones completas bajo el concepto llave en mano, garantizando eficiencia, confiabilidad y alto desempe\u00f1o operativo.<\/p>\n\n\n\n<a class=\"btn btn-primary\" href=\"https:\/\/siilog.bloque9.design\/pt\/contacto\/\">\n<div class=\"btn-hover-arrow-div\">\n<svg viewBox=\"0 0 896 1024\" width=\"896\" height=\"1024\" class=\"btn-arrow-svg gsbp-8765b68\"><path d=\"M436.202 76.202l-39.598 39.598c-9.372 9.372-9.372 24.568 0 33.942l310.26 310.258h-682.864c-13.254 0-24 10.746-24 24v56c0 13.254 10.746 24 24 24h682.864l-310.26 310.26c-9.372 9.372-9.372 24.568 0 33.942l39.598 39.598c9.372 9.372 24.568 9.372 33.942 0l418.828-418.828c9.372-9.372 9.372-24.568 0-33.942l-418.83-418.828c-9.372-9.374-24.568-9.374-33.94 0z\" \/><\/svg>\n<\/div>\n\n\n\n<div class=\"btn-text\">Cont\u00e1ctanos ahora<\/div>\n\n\n\n<div class=\"btn-default-arrow-div\">\n<svg viewBox=\"0 0 896 1024\" width=\"896\" height=\"1024\" class=\"btn-arrow-svg gsbp-53ebc89\"><path d=\"M436.202 76.202l-39.598 39.598c-9.372 9.372-9.372 24.568 0 33.942l310.26 310.258h-682.864c-13.254 0-24 10.746-24 24v56c0 13.254 10.746 24 24 24h682.864l-310.26 310.26c-9.372 9.372-9.372 24.568 0 33.942l39.598 39.598c9.372 9.372 24.568 9.372 33.942 0l418.828-418.828c9.372-9.372 9.372-24.568 0-33.942l-418.83-418.828c-9.372-9.374-24.568-9.374-33.94 0z\" \/><\/svg>\n<\/div>\n<\/a>\n<\/div>\n<\/div>\n<\/div>\n\n\n<style>.gsbp-c104062{position:absolute;z-index:1;inset:0px;height:100%;width:100%;object-fit:cover;aspect-ratio:16\/9;}@media (max-width:991.98px){.gsbp-c104062{aspect-ratio:4\/3;}}@media (max-width:767.98px){.gsbp-c104062{aspect-ratio:9\/10;}}@media (max-width:575.98px){.gsbp-c104062{aspect-ratio:9\/16;}}<\/style>\n<video class=\"gsbp-c104062\" loop autoplay muted playsinline><source src=\"https:\/\/siilog.bloque9.design\/wp-content\/uploads\/2026\/03\/ctra-video-background.mp4\" type=\"video\/mp4\"\/><\/video>\n<\/section>\n","protected":false},"excerpt":{"rendered":"","protected":false},"author":1,"featured_media":0,"parent":0,"menu_order":0,"comment_status":"closed","ping_status":"closed","template":"","meta":{"_acf_changed":false,"_gspb_post_css":"","footnotes":""},"class_list":["post-67","page","type-page","status-publish","hentry"],"acf":[],"_links":{"self":[{"href":"https:\/\/siilog.bloque9.design\/pt\/wp-json\/wp\/v2\/pages\/67","targetHints":{"allow":["GET"]}}],"collection":[{"href":"https:\/\/siilog.bloque9.design\/pt\/wp-json\/wp\/v2\/pages"}],"about":[{"href":"https:\/\/siilog.bloque9.design\/pt\/wp-json\/wp\/v2\/types\/page"}],"author":[{"embeddable":true,"href":"https:\/\/siilog.bloque9.design\/pt\/wp-json\/wp\/v2\/users\/1"}],"replies":[{"embeddable":true,"href":"https:\/\/siilog.bloque9.design\/pt\/wp-json\/wp\/v2\/comments?post=67"}],"version-history":[{"count":3,"href":"https:\/\/siilog.bloque9.design\/pt\/wp-json\/wp\/v2\/pages\/67\/revisions"}],"predecessor-version":[{"id":1722,"href":"https:\/\/siilog.bloque9.design\/pt\/wp-json\/wp\/v2\/pages\/67\/revisions\/1722"}],"wp:attachment":[{"href":"https:\/\/siilog.bloque9.design\/pt\/wp-json\/wp\/v2\/media?parent=67"}],"curies":[{"name":"wp","href":"https:\/\/api.w.org\/{rel}","templated":true}]}}