{"id":68,"date":"2026-03-13T09:20:10","date_gmt":"2026-03-13T15:20:10","guid":{"rendered":"https:\/\/siilog.bloque9.design\/?page_id=68"},"modified":"2026-03-24T10:49:05","modified_gmt":"2026-03-24T16:49:05","slug":"siilog-service24","status":"publish","type":"page","link":"https:\/\/siilog.bloque9.design\/pt\/siilog-service24\/","title":{"rendered":"Siilog Service24"},"content":{"rendered":"<style>.gsbp-03d2bea{padding-top:var(--gap-150);padding-bottom:var(--gap-100);margin-top:0px;margin-bottom:0px;margin-left:0px;margin-right:0px;}<\/style>\n<section class=\"section-main gsbp-03d2bea alignfull\" data-type=\"section-component\"><style>.gsbp-ba0325d{display:flex;flex-direction:row;justify-content:flex-start;}<\/style>\n<div class=\"c-a-1920 gsbp-ba0325d\"><style>.gsbp-2e237ab > *{transition-duration:0.8s;}.gsbp-2e237ab > *{transition-timing-function:var(--gs-root-animation-easing,cubic-bezier(0.42,0,0.58,1));}.gsbp-2e237ab > *:first-child{transition-delay:calc(var(--gs-root-animation-delay,.01s) + calc(var(--gs-root-animation-delay-multiplier,.1s) * 0))}.gsbp-2e237ab > *:nth-child(2){transition-delay:calc(var(--gs-root-animation-delay,.01s) + calc(var(--gs-root-animation-delay-multiplier,.1s) * 1))}.gsbp-2e237ab > *:nth-child(3){transition-delay:calc(var(--gs-root-animation-delay,.01s) + calc(var(--gs-root-animation-delay-multiplier,.1s) * 2))}.gsbp-2e237ab > *:nth-child(4){transition-delay:calc(var(--gs-root-animation-delay,.01s) + calc(var(--gs-root-animation-delay-multiplier,.1s) * 3))}.gsbp-2e237ab > *:nth-child(5){transition-delay:calc(var(--gs-root-animation-delay,.01s) + calc(var(--gs-root-animation-delay-multiplier,.1s) * 4))}.gsbp-2e237ab > *:nth-child(6){transition-delay:calc(var(--gs-root-animation-delay,.01s) + calc(var(--gs-root-animation-delay-multiplier,.1s) * 5))}.gsbp-2e237ab > *:nth-child(7){transition-delay:calc(var(--gs-root-animation-delay,.01s) + calc(var(--gs-root-animation-delay-multiplier,.1s) * 6))}.gsbp-2e237ab > *:nth-child(8){transition-delay:calc(var(--gs-root-animation-delay,.01s) + calc(var(--gs-root-animation-delay-multiplier,.1s) * 7))}.gsbp-2e237ab > *:nth-child(9){transition-delay:calc(var(--gs-root-animation-delay,.01s) + calc(var(--gs-root-animation-delay-multiplier,.1s) * 8))}.gsbp-2e237ab > *:nth-child(n+10){transition-delay:calc(var(--gs-root-animation-delay,.01s) + calc(var(--gs-root-animation-delay-multiplier,.1s) * 9))}.gsbp-2e237ab > *{opacity:var(--gs-root-animation-opacity,0);transition-property:opacity,transform,filter;}.gsbp-2e237ab.aos-animate > *,.gsbp-2e237ab[data-gs-aos] > *{opacity:1;transform:translateZ(0);}.gsbp-2e237ab > *{transform:var(--gs-root-animation-transform,translate3d(calc(max(50px,15%) * -1),0,0));}<\/style>\n<div data-aos=\"fade-right\" data-aos-easing=\"ease\" data-aos-duration=\"800\" class=\"casiih gsbp-2e237ab\" data-type=\"content-area-component\">\n<h1 class=\"casiih__h1\">Conoce Siilog Service24<\/h1>\n\n\n\n<div class=\"casiih__text-wrapper\">\n<p class=\"casiih__p\">Un servicio dise\u00f1ado para garantizar el m\u00e1ximo rendimiento y la mayor vida \u00fatil de los sistemas y m\u00f3dulos log\u00edsticos implementados en las operaciones de nuestros clientes.<\/p>\n\n\n\n<img decoding=\"async\" src=\"https:\/\/siilog.bloque9.design\/wp-content\/uploads\/2026\/03\/arrow-down.svg\" alt=\"\" class=\"casiih__svg\"\/>\n<\/div>\n<\/div>\n<\/div>\n<\/section>\n\n\n\n<section class=\"section-main alignfull\" data-type=\"section-component\"><style>.gsbp-52239ce{width:100%;height:100%;display:flex;}<\/style>\n<div class=\"gsbp-52239ce\" data-type=\"content-area-component\"><style>.gsbp-1934a53{animation:gs_5179 linear both !important;animation-timeline:view() !important;animation-range:entry !important;}@media (max-width:767.98px){.gsbp-1934a53{aspect-ratio:4\/3 !important;object-fit:cover !important;}}@media (max-width:575.98px){.gsbp-1934a53{aspect-ratio:9\/10 !important;}}@keyframes gs_5179{0%{clip-path:inset(45% 20% 45% 20%);transform:translateY(-35%);}100%{clip-path:inset(0% 0% 0% 0%);transform:translateY(0%);}}@media (min-width:768px) and (max-width:991.98px){@keyframes gs_5179{0%{clip-path:inset(45% 20% 45% 20%);transform:translateY(35%);}100%{clip-path:inset(0% 0% 0% 0%);transform:translateY(0%);}}}@media (max-width:575.98px){@keyframes gs_5179{0%{clip-path:inset(45% 60% 45% 60%);transform:translateY(15%);}100%{clip-path:inset(0% 0% 0% 0%);transform:translateY(0%);}}}@media (prefers-reduced-motion){.gsbp-1934a53{animation:none !important;}}<\/style>\n<img decoding=\"async\" class=\"gsbp-1934a53\" src=\"https:\/\/siilog.bloque9.design\/wp-content\/uploads\/2026\/03\/siilog-service24.webp\" alt=\"siilog service24\" width=\"1920\" height=\"1080\" loading=\"lazy\"\/>\n<\/div>\n<\/section>\n\n\n<style>.gsbp-cd7102f{padding-top:var(--gap-200);padding-bottom:var(--gap-200);display:flex;row-gap:var(--gap-100);}@media (max-width:575.98px){.gsbp-cd7102f{display:flex;}}<\/style>\n<section class=\"section-main gsbp-cd7102f alignfull\" data-type=\"section-component\"><style>.gsbp-323dba5{padding-right:5vw;color:var(--wp--preset--color--custom-blanco,#ffffff);}@media (max-width:575.98px){.gsbp-323dba5{padding-right:0vw;}}<\/style>\n<div class=\"c-a-1280 gsbp-323dba5\" data-type=\"content-area-component\"><style>.gsbp-2305bde{font-size:var(--h3);}.gsbp-2305bde{transition-duration:0.8s;}.gsbp-2305bde{transition-timing-function:var(--gs-root-animation-easing,cubic-bezier(0.42,0,0.58,1));}.gsbp-2305bde{transition-property:transform;}.gsbp-2305bde.aos-animate,.gsbp-2305bde[data-gs-aos]{transform:translateZ(0)}.gsbp-2305bde{transform:var(--gs-root-animation-transform,translate3d(0,-100%,0));}<\/style>\n<h2 data-aos=\"slide-down\" data-aos-easing=\"ease\" data-aos-duration=\"800\" class=\"gsbp-2305bde\">Ofrecemos diferentes modalidades de servicio t\u00e9cnico que permiten maximizar el retorno de la inversi\u00f3n, mejorar la productividad y reducir los costos de mantenimiento a lo largo del tiempo:<\/h2>\n<\/div>\n\n\n<style>.gsbp-55964f2 > *{transition-duration:0.8s;}.gsbp-55964f2 > *{transition-timing-function:var(--gs-root-animation-easing,cubic-bezier(0.42,0,0.58,1));}.gsbp-55964f2 > *:first-child{transition-delay:calc(var(--gs-root-animation-delay,.01s) + calc(var(--gs-root-animation-delay-multiplier,.1s) * 0))}.gsbp-55964f2 > *:nth-child(2){transition-delay:calc(var(--gs-root-animation-delay,.01s) + calc(var(--gs-root-animation-delay-multiplier,.1s) * 1))}.gsbp-55964f2 > *:nth-child(3){transition-delay:calc(var(--gs-root-animation-delay,.01s) + calc(var(--gs-root-animation-delay-multiplier,.1s) * 2))}.gsbp-55964f2 > *:nth-child(4){transition-delay:calc(var(--gs-root-animation-delay,.01s) + calc(var(--gs-root-animation-delay-multiplier,.1s) * 3))}.gsbp-55964f2 > *:nth-child(5){transition-delay:calc(var(--gs-root-animation-delay,.01s) + calc(var(--gs-root-animation-delay-multiplier,.1s) * 4))}.gsbp-55964f2 > *:nth-child(6){transition-delay:calc(var(--gs-root-animation-delay,.01s) + calc(var(--gs-root-animation-delay-multiplier,.1s) * 5))}.gsbp-55964f2 > *:nth-child(7){transition-delay:calc(var(--gs-root-animation-delay,.01s) + calc(var(--gs-root-animation-delay-multiplier,.1s) * 6))}.gsbp-55964f2 > *:nth-child(8){transition-delay:calc(var(--gs-root-animation-delay,.01s) + calc(var(--gs-root-animation-delay-multiplier,.1s) * 7))}.gsbp-55964f2 > *:nth-child(9){transition-delay:calc(var(--gs-root-animation-delay,.01s) + calc(var(--gs-root-animation-delay-multiplier,.1s) * 8))}.gsbp-55964f2 > *:nth-child(n+10){transition-delay:calc(var(--gs-root-animation-delay,.01s) + calc(var(--gs-root-animation-delay-multiplier,.1s) * 9))}.gsbp-55964f2 > *{opacity:var(--gs-root-animation-opacity,0);transition-property:opacity,transform,filter;}.gsbp-55964f2.aos-animate > *,.gsbp-55964f2[data-gs-aos] > *{opacity:1;transform:translateZ(0);}<\/style>\n<div data-aos=\"fade\" data-aos-easing=\"ease\" data-aos-duration=\"800\" class=\"c-a-1536 cacm gsbp-55964f2\" data-type=\"content-area-component\">\n<div class=\"cacm__card-wrapper\">\n<img decoding=\"async\" class=\"cacm__img\" src=\"https:\/\/siilog.bloque9.design\/wp-content\/uploads\/2026\/03\/mantenimiento-preventivo.webp\" alt=\"mantenimiento preventivo\" width=\"753\" height=\"507\" loading=\"lazy\"\/>\n\n\n\n<div class=\"cacm__div\">\n<h4 class=\"cacm__h4\">Mantenimiento Preventivo<\/h4>\n\n\n\n<p class=\"cacm__p\">\u00bfTodos nuestros sistemas o m\u00f3dulos log\u00edsticos incluyen un plan de mantenimiento preventivo. Estos planes tienen como objetivo reducir posibles tiempos de inactividad de los equipos y otras interrupciones asociadas, evitando as\u00ed impactos negativos en la productividad.<\/p>\n\n\n\n<p class=\"cacm__p\">Mediante contratos de mantenimiento preventivo es posible garantizar la ejecuci\u00f3n peri\u00f3dica de estas tareas para todos nuestros clientes.<\/p>\n<\/div>\n<\/div>\n\n\n\n<div class=\"cacm__card-wrapper\">\n<img decoding=\"async\" class=\"cacm__img\" src=\"https:\/\/siilog.bloque9.design\/wp-content\/uploads\/2026\/03\/Mantenimiento-Correctivo.webp\" alt=\"Mantenimiento Correctivo\" width=\"753\" height=\"507\" loading=\"lazy\"\/>\n\n\n\n<div class=\"cacm__div\">\n<h4 class=\"cacm__h4\">Mantenimiento Correctivo<\/h4>\n\n\n\n<p class=\"cacm__p\">Existe la posibilidad de que los sistemas o m\u00f3dulos log\u00edsticos presenten fallas o mal funcionamiento. Nuestro principal objetivo es corregir estas incidencias en el menor tiempo posible.<\/p>\n\n\n\n<p class=\"cacm__p\">Todos los clientes que cuentan con contratos de mantenimiento disponen de atenci\u00f3n prioritaria, con tiempos de respuesta previamente acordados.<\/p>\n<\/div>\n<\/div>\n\n\n\n<div class=\"cacm__card-wrapper\">\n<img decoding=\"async\" class=\"cacm__img\" src=\"https:\/\/siilog.bloque9.design\/wp-content\/uploads\/2026\/03\/Telemantenimiento.webp\" alt=\"Telemantenimiento\" width=\"753\" height=\"507\" loading=\"lazy\"\/>\n\n\n\n<div class=\"cacm__div\">\n<h4 class=\"cacm__h4\">Telemantenimiento<\/h4>\n\n\n\n<p class=\"cacm__p\">Algunos de los sistemas o m\u00f3dulos log\u00edsticos que ofrecemos est\u00e1n instalados en empresas que operan las 24 horas del d\u00eda.<\/p>\n\n\n\n<p class=\"cacm__p\">A trav\u00e9s de contratos de telemantenimiento previamente establecidos con nuestros clientes, es posible contar con la intervenci\u00f3n remota de nuestros especialistas en tiempo real, garantizando as\u00ed la operatividad continua de los sistemas.<\/p>\n<\/div>\n<\/div>\n\n\n\n<div class=\"cacm__card-wrapper\">\n<img decoding=\"async\" class=\"cacm__img\" src=\"https:\/\/siilog.bloque9.design\/wp-content\/uploads\/2026\/03\/Piezas-de-recambio.webp\" alt=\"Piezas de recambio\" width=\"753\" height=\"507\" loading=\"lazy\"\/>\n\n\n\n<div class=\"cacm__div\">\n<h4 class=\"cacm__h4\">Piezas de recambio<\/h4>\n\n\n\n<p class=\"cacm__p\">Durante la fase de instalaci\u00f3n de los sistemas o m\u00f3dulos log\u00edsticos en las instalaciones del cliente, se define la pol\u00edtica de piezas de recambio m\u00e1s adecuada para cada caso.<\/p>\n\n\n\n<p class=\"cacm__p\">Asimismo, se establecen programas de suministro de repuestos con diferentes plazos de entrega seg\u00fan el nivel de urgencia.<\/p>\n<\/div>\n<\/div>\n<\/div>\n<\/section>\n\n\n<style>.gsbp-84734de{aspect-ratio:16\/9;display:flex;flex-direction:column;justify-content:flex-start;padding-top:var(--gap-150);}@media (max-width:991.98px){.gsbp-84734de{aspect-ratio:4\/3;}}@media (max-width:767.98px){.gsbp-84734de{aspect-ratio:9\/10;}}@media (max-width:575.98px){.gsbp-84734de{aspect-ratio:9\/16;}}<\/style>\n<section class=\"section-main gsbp-84734de alignfull\" data-type=\"section-component\">\n<div class=\"cavcta\" data-type=\"content-area-component\"><style>.gsbp-d5fce44 > *{transition-duration:0.8s;}.gsbp-d5fce44 > *{transition-timing-function:var(--gs-root-animation-easing,cubic-bezier(0.42,0,0.58,1));}.gsbp-d5fce44 > *:first-child{transition-delay:calc(var(--gs-root-animation-delay,.01s) + calc(var(--gs-root-animation-delay-multiplier,.1s) * 0))}.gsbp-d5fce44 > *:nth-child(2){transition-delay:calc(var(--gs-root-animation-delay,.01s) + calc(var(--gs-root-animation-delay-multiplier,.1s) * 1))}.gsbp-d5fce44 > *:nth-child(3){transition-delay:calc(var(--gs-root-animation-delay,.01s) + calc(var(--gs-root-animation-delay-multiplier,.1s) * 2))}.gsbp-d5fce44 > *:nth-child(4){transition-delay:calc(var(--gs-root-animation-delay,.01s) + calc(var(--gs-root-animation-delay-multiplier,.1s) * 3))}.gsbp-d5fce44 > *:nth-child(5){transition-delay:calc(var(--gs-root-animation-delay,.01s) + calc(var(--gs-root-animation-delay-multiplier,.1s) * 4))}.gsbp-d5fce44 > *:nth-child(6){transition-delay:calc(var(--gs-root-animation-delay,.01s) + calc(var(--gs-root-animation-delay-multiplier,.1s) * 5))}.gsbp-d5fce44 > *:nth-child(7){transition-delay:calc(var(--gs-root-animation-delay,.01s) + calc(var(--gs-root-animation-delay-multiplier,.1s) * 6))}.gsbp-d5fce44 > *:nth-child(8){transition-delay:calc(var(--gs-root-animation-delay,.01s) + calc(var(--gs-root-animation-delay-multiplier,.1s) * 7))}.gsbp-d5fce44 > *:nth-child(9){transition-delay:calc(var(--gs-root-animation-delay,.01s) + calc(var(--gs-root-animation-delay-multiplier,.1s) * 8))}.gsbp-d5fce44 > *:nth-child(n+10){transition-delay:calc(var(--gs-root-animation-delay,.01s) + calc(var(--gs-root-animation-delay-multiplier,.1s) * 9))}.gsbp-d5fce44 > *{transition-property:transform;}.gsbp-d5fce44.aos-animate > *,.gsbp-d5fce44[data-gs-aos] > *{transform:translateZ(0)}.gsbp-d5fce44 > *{transform:var(--gs-root-animation-transform,translate3d(-100%,0,0));}<\/style>\n<div data-aos=\"slide-right\" data-aos-easing=\"ease\" data-aos-duration=\"800\" class=\"cavcta__text-wrapper gsbp-d5fce44\">\n<h2 class=\"cavcta__h2\">Aumenta tu productividad, recupera la tranquilidad y convierte la eficiencia en tu ventaja competitiva real.<\/h2>\n\n\n<style>.gsbp-25a9c52{display:flex;flex-direction:column;justify-content:flex-start;align-items:flex-start;row-gap:20px;max-width:394px;width:100%;}<\/style>\n<div class=\"cavcta__div gsbp-25a9c52\">\n<p class=\"cavcta__p\">Nuestro objetivo es acompa\u00f1arte en cada proyecto desde la idea inicial hasta la entrega de soluciones completas bajo el concepto llave en mano, garantizando eficiencia, confiabilidad y alto desempe\u00f1o operativo.<\/p>\n\n\n\n<a class=\"btn btn-primary\" href=\"https:\/\/siilog.bloque9.design\/pt\/contacto\/\">\n<div class=\"btn-hover-arrow-div\">\n<svg viewBox=\"0 0 896 1024\" width=\"896\" height=\"1024\" class=\"btn-arrow-svg gsbp-8765b68\"><path d=\"M436.202 76.202l-39.598 39.598c-9.372 9.372-9.372 24.568 0 33.942l310.26 310.258h-682.864c-13.254 0-24 10.746-24 24v56c0 13.254 10.746 24 24 24h682.864l-310.26 310.26c-9.372 9.372-9.372 24.568 0 33.942l39.598 39.598c9.372 9.372 24.568 9.372 33.942 0l418.828-418.828c9.372-9.372 9.372-24.568 0-33.942l-418.83-418.828c-9.372-9.374-24.568-9.374-33.94 0z\" \/><\/svg>\n<\/div>\n\n\n\n<div class=\"btn-text\">Cont\u00e1ctanos ahora<\/div>\n\n\n\n<div class=\"btn-default-arrow-div\">\n<svg viewBox=\"0 0 896 1024\" width=\"896\" height=\"1024\" class=\"btn-arrow-svg gsbp-53ebc89\"><path d=\"M436.202 76.202l-39.598 39.598c-9.372 9.372-9.372 24.568 0 33.942l310.26 310.258h-682.864c-13.254 0-24 10.746-24 24v56c0 13.254 10.746 24 24 24h682.864l-310.26 310.26c-9.372 9.372-9.372 24.568 0 33.942l39.598 39.598c9.372 9.372 24.568 9.372 33.942 0l418.828-418.828c9.372-9.372 9.372-24.568 0-33.942l-418.83-418.828c-9.372-9.374-24.568-9.374-33.94 0z\" \/><\/svg>\n<\/div>\n<\/a>\n<\/div>\n<\/div>\n<\/div>\n\n\n<style>.gsbp-c104062{position:absolute;z-index:1;inset:0px;height:100%;width:100%;object-fit:cover;aspect-ratio:16\/9;}@media (max-width:991.98px){.gsbp-c104062{aspect-ratio:4\/3;}}@media (max-width:767.98px){.gsbp-c104062{aspect-ratio:9\/10;}}@media (max-width:575.98px){.gsbp-c104062{aspect-ratio:9\/16;}}<\/style>\n<video class=\"gsbp-c104062\" loop autoplay muted playsinline><source src=\"https:\/\/siilog.bloque9.design\/wp-content\/uploads\/2026\/03\/ctra-video-background.mp4\" type=\"video\/mp4\"\/><\/video>\n<\/section>\n","protected":false},"excerpt":{"rendered":"","protected":false},"author":1,"featured_media":0,"parent":0,"menu_order":0,"comment_status":"closed","ping_status":"closed","template":"","meta":{"_acf_changed":false,"_gspb_post_css":"","footnotes":""},"class_list":["post-68","page","type-page","status-publish","hentry"],"acf":[],"_links":{"self":[{"href":"https:\/\/siilog.bloque9.design\/pt\/wp-json\/wp\/v2\/pages\/68","targetHints":{"allow":["GET"]}}],"collection":[{"href":"https:\/\/siilog.bloque9.design\/pt\/wp-json\/wp\/v2\/pages"}],"about":[{"href":"https:\/\/siilog.bloque9.design\/pt\/wp-json\/wp\/v2\/types\/page"}],"author":[{"embeddable":true,"href":"https:\/\/siilog.bloque9.design\/pt\/wp-json\/wp\/v2\/users\/1"}],"replies":[{"embeddable":true,"href":"https:\/\/siilog.bloque9.design\/pt\/wp-json\/wp\/v2\/comments?post=68"}],"version-history":[{"count":0,"href":"https:\/\/siilog.bloque9.design\/pt\/wp-json\/wp\/v2\/pages\/68\/revisions"}],"wp:attachment":[{"href":"https:\/\/siilog.bloque9.design\/pt\/wp-json\/wp\/v2\/media?parent=68"}],"curies":[{"name":"wp","href":"https:\/\/api.w.org\/{rel}","templated":true}]}}