{"id":74,"date":"2026-03-13T09:20:59","date_gmt":"2026-03-13T15:20:59","guid":{"rendered":"https:\/\/siilog.bloque9.design\/?page_id=74"},"modified":"2026-03-23T12:38:45","modified_gmt":"2026-03-23T18:38:45","slug":"contacto","status":"publish","type":"page","link":"https:\/\/siilog.bloque9.design\/pt\/contacto\/","title":{"rendered":"Contacto"},"content":{"rendered":"<style>.gsbp-215ed85{padding-top:var(--gap-35);padding-bottom:clamp;}<\/style>\n<section class=\"section-main gsbp-215ed85 alignfull\" data-type=\"section-component\">\n<div class=\"c-a-1536\" data-type=\"content-area-component\">\n<img decoding=\"async\" src=\"https:\/\/siilog.bloque9.design\/wp-content\/uploads\/2026\/03\/Contacto-txt.svg\" alt=\"\"\/>\n<\/div>\n\n\n\n<div class=\"c-a-800 gracias-c-a\">\n<h2 class=\"gracias-c-a__h2\">Estamos listos para ayudarte a encontrar la mejor soluci\u00f3n para tus necesidades industriales y log\u00edsticas.<\/h2>\n\n\n<div class='fluentform ff-default fluentform_wrapper_7 ffs_custom_wrap'><form data-form_id=\"7\" id=\"fluentform_7\" class=\"frm-fluent-form fluent_form_7 ff-el-form-top ff_form_instance_7_1 ff-form-loading ffs_custom\" data-form_instance=\"ff_form_instance_7_1\" method=\"POST\" ><fieldset  style=\"border: none!important;margin: 0!important;padding: 0!important;background-color: transparent!important;box-shadow: none!important;outline: none!important; min-inline-size: 100%;\">\n                    <legend class=\"ff_screen_reader_title\" style=\"display: block; margin: 0!important;padding: 0!important;height: 0!important;text-indent: -999999px;width: 0!important;overflow:hidden;\">Contact Page<\/legend><input type='hidden' name='__fluent_form_embded_post_id' value='74' \/><input type=\"hidden\" id=\"_fluentform_7_fluentformnonce\" name=\"_fluentform_7_fluentformnonce\" value=\"748908eb0d\" \/><input type=\"hidden\" name=\"_wp_http_referer\" value=\"\/pt\/wp-json\/wp\/v2\/pages\/74\" \/><div class='ff-el-group ff-el-form-hide_label'><div class=\"ff-el-input--label asterisk-right\"><label for='ff_7_dropdown' id='label_ff_7_dropdown' aria-label=\"Motivo de contacto\">Motivo de contacto<\/label><\/div><div class='ff-el-input--content'><select name=\"dropdown\" id=\"ff_7_dropdown\" class=\"ff-el-form-control\" data-name=\"dropdown\" data-calc_value=\"0\"  aria-invalid=\"false\" aria-required=\"false\" aria-labelledby=\"label_ff_7_dropdown\"><option value=\"\">Motivo de contacto<\/option><option value=\"Informaci\u00f3n sobre soluciones y sistemas log\u00edsticos\"  >Informaci\u00f3n sobre soluciones y sistemas log\u00edsticos<\/option><option value=\"Solicitud de cotizaci\u00f3n\"  >Solicitud de cotizaci\u00f3n<\/option><option value=\"Soporte t\u00e9cnico \/ mantenimiento\"  >Soporte t\u00e9cnico \/ mantenimiento<\/option><option value=\"Refacciones o piezas de recambio\"  >Refacciones o piezas de recambio<\/option><option value=\"Desarrollo y fabricaci\u00f3n de moldes\"  >Desarrollo y fabricaci\u00f3n de moldes<\/option><option value=\"Mecanizado y fabricaci\u00f3n de piezas CNC\"  >Mecanizado y fabricaci\u00f3n de piezas CNC<\/option><option value=\"Consultor\u00eda o desarrollo de proyectos\"  >Consultor\u00eda o desarrollo de proyectos<\/option><option value=\"Alianzas comerciales o proveedores\"  >Alianzas comerciales o proveedores<\/option><option value=\"Oportunidades laborales\"  >Oportunidades laborales<\/option><\/select><\/div><\/div><div data-name=\"ff_cn_id_1\"  class='ff-t-container ff-column-container ff_columns_total_1 '><div class='ff-t-cell ff-t-column-1' style='flex-basis: 100%;'><div class='ff-el-group  ff-custom_html has-conditions' tabindex='-1' data-name=\"custom_html-7_1\" ><p>Si buscas integrarte a nuestro equipo de trabajo por favor visita la p\u00e1gina de <a href=\"https:\/\/siilog.bloque9.design\/carreras\/\">Carreras (da click aqu\u00ed)<\/a>, ah\u00ed encontrar\u00e1s toda la informaci\u00f3n que necesitas y podr\u00e1s continuar tu solicitud para ser parte de nuestro equipo.\u00a0<\/p><\/div><\/div><\/div><div data-name=\"ff_cn_id_2\"  class='ff-t-container ff-column-container ff_columns_total_2 '><div class='ff-t-cell ff-t-column-1' style='flex-basis: 50%;'><div data-type=\"name-element\" data-name=\"nombre\" class=\" ff-field_container ff-name-field-wrapper\" ><div class='ff-t-container'><div class='ff-t-cell '><div class='ff-el-group ff-el-form-hide_label'><div class=\"ff-el-input--label ff-el-is-required asterisk-right\"><label for='ff_7_nombre_first_name_' id='label_ff_7_nombre_first_name_' >Nombre<\/label><\/div><div class='ff-el-input--content'><input type=\"text\" name=\"nombre[first_name]\" id=\"ff_7_nombre_first_name_\" class=\"ff-el-form-control\" placeholder=\"Nombre\" aria-invalid=\"false\" aria-required=true><\/div><\/div><\/div><\/div><\/div><\/div><div class='ff-t-cell ff-t-column-2' style='flex-basis: 50%;'><div class='ff-el-group ff-el-form-hide_label'><div class=\"ff-el-input--label ff-el-is-required asterisk-right\"><label for='ff_7_email' id='label_ff_7_email' aria-label=\"Email\">Email<\/label><\/div><div class='ff-el-input--content'><input type=\"email\" name=\"email\" id=\"ff_7_email\" class=\"ff-el-form-control\" placeholder=\"Email\" data-name=\"email\"  aria-invalid=\"false\" aria-required=true><\/div><\/div><\/div><\/div><div data-name=\"ff_cn_id_3\"  class='ff-t-container ff-column-container ff_columns_total_2 '><div class='ff-t-cell ff-t-column-1' style='flex-basis: 50%;'><div class='ff-el-group ff-el-form-hide_label'><div class=\"ff-el-input--label asterisk-right\"><label for='ff_7_Telefono' id='label_ff_7_Telefono' aria-label=\"Tel\u00e9fono\">Tel\u00e9fono<\/label><\/div><div class='ff-el-input--content'><input name=\"Telefono\" class=\"ff-el-form-control ff-el-phone ff_el_with_extended_validation\" type=\"tel\" placeholder=\"Tel\u00e9fono\" data-name=\"Telefono\" id=\"ff_7_Telefono\" inputmode=\"tel\"  aria-invalid='false' aria-required=false><\/div><\/div><\/div><div class='ff-t-cell ff-t-column-2' style='flex-basis: 50%;'><div class='ff-el-group ff-el-form-hide_label'><div class=\"ff-el-input--label ff-el-is-required asterisk-right\"><label for='ff_7_giro' id='label_ff_7_giro' aria-label=\"Giro\">Giro<\/label><\/div><div class='ff-el-input--content'><input type=\"text\" name=\"giro\" class=\"ff-el-form-control\" placeholder=\"Giro de tu empresa\" data-name=\"giro\" id=\"ff_7_giro\"  aria-invalid=\"false\" aria-required=true><\/div><\/div><\/div><\/div><div data-name=\"ff_cn_id_4\"  class='ff-t-container ff-column-container ff_columns_total_1 '><div class='ff-t-cell ff-t-column-1' style='flex-basis: 100%;'><div class='ff-el-group ff-el-form-hide_label'><div class=\"ff-el-input--label ff-el-is-required asterisk-right\"><label for='ff_7_mensaje' id='label_ff_7_mensaje' aria-label=\"Mensaje\">Mensaje<\/label><\/div><div class='ff-el-input--content'><textarea aria-required=\"true\" aria-labelledby=\"label_ff_7_mensaje\" name=\"mensaje\" id=\"ff_7_mensaje\" class=\"ff-el-form-control\" placeholder=\"Cu\u00e9ntanos m\u00e1s sobre lo que necesitas\" rows=\"3\" cols=\"2\" data-name=\"mensaje\" ><\/textarea><\/div><\/div><\/div><\/div><div class='ff-el-group    ff-el-input--content'><div class='ff-el-form-check ff-el-tc'><label aria-label='Termos e Condi\u00e7\u00f5es: Acepto que mis datos personales sean utilizados por SIILOG con fines comerciales e informativos relacionados con soluciones de intralog\u00edstica y automatizaci\u00f3n industrial, y confirmo haber le\u00eddo y aceptado el Aviso de Privacidad. Cont\u00e9m 1 link. Use a navega\u00e7\u00e3o por abas para consultar.' class='ff-el-form-check-label ff_tc_label' for=terms-n-condition_f7ea6e5588e7dde3ea17ce995a7e6afa><span class='ff_tc_checkbox'><input type=\"checkbox\" name=\"terms-n-condition\" class=\"ff-el-form-check-input\" data-name=\"terms-n-condition\" id=\"terms-n-condition_f7ea6e5588e7dde3ea17ce995a7e6afa\"  value='on' aria-invalid='false' aria-required=true><\/span> <div class='ff_t_c'><p>Acepto que mis datos personales sean utilizados por SIILOG con fines comerciales e informativos relacionados con soluciones de intralog\u00edstica y automatizaci\u00f3n industrial, y confirmo haber le\u00eddo y aceptado el <a href=\"https:\/\/siilog.bloque9.design\/politica-de-privacidad\/\" target=\"_blank\" rel=\"noopener\">Aviso de Privacidad<\/a>.<\/p><\/div><\/label><\/div><\/div><div class='ff-el-group ff-text-right ff_submit_btn_wrapper'><button type=\"submit\" class=\"ff-btn ff-btn-submit ff-btn-md ff_btn_style\"  aria-label=\"Enviar datos\">Enviar datos<\/button><\/div><\/fieldset><\/form><div id='fluentform_7_errors' class='ff-errors-in-stack ff_form_instance_7_1 ff-form-loading_errors ff_form_instance_7_1_errors'><\/div><\/div>            <script type=\"text\/javascript\">\n                window.fluent_form_ff_form_instance_7_1 = {\"id\":\"7\",\"ajaxUrl\":\"https:\\\/\\\/siilog.bloque9.design\\\/wp-admin\\\/admin-ajax.php\",\"settings\":{\"layout\":{\"labelPlacement\":\"top\",\"asteriskPlacement\":\"asterisk-right\",\"helpMessagePlacement\":\"with_label\",\"errorMessagePlacement\":\"inline\",\"cssClassName\":\"\"},\"restrictions\":{\"denyEmptySubmission\":{\"enabled\":false}}},\"form_instance\":\"ff_form_instance_7_1\",\"form_id_selector\":\"fluentform_7\",\"rules\":{\"dropdown\":{\"required\":{\"value\":false,\"message\":\"Este campo \\u00e9 obrigat\\u00f3rio\",\"global_message\":\"This field is required\",\"global\":true}},\"nombre[first_name]\":{\"required\":{\"value\":true,\"message\":\"Este campo \\u00e9 obrigat\\u00f3rio\",\"global_message\":\"This field is required\",\"global\":true}},\"nombre[middle_name]\":{\"required\":{\"value\":false,\"message\":\"Este campo \\u00e9 obrigat\\u00f3rio\",\"global_message\":\"This field is required\",\"global\":true}},\"nombre[last_name]\":{\"required\":{\"value\":false,\"message\":\"Este campo \\u00e9 obrigat\\u00f3rio\",\"global_message\":\"This field is required\",\"global\":true}},\"email\":{\"required\":{\"value\":true,\"message\":\"Este campo \\u00e9 obrigat\\u00f3rio\",\"global_message\":\"This field is required\",\"global\":true},\"email\":{\"value\":true,\"message\":\"Este campo deve conter um endere\\u00e7o de e-mail v\\u00e1lido\",\"global_message\":\"This field must contain a valid email\",\"global\":true}},\"Telefono\":{\"required\":{\"value\":false,\"global\":true,\"message\":\"Este campo \\u00e9 obrigat\\u00f3rio\",\"global_message\":\"This field is required\"},\"valid_phone_number\":{\"value\":true,\"global\":true,\"message\":\"O n\\u00famero de telefone n\\u00e3o \\u00e9 v\\u00e1lido\",\"global_message\":\"Phone number is not valid\"}},\"giro\":{\"required\":{\"value\":true,\"message\":\"Este campo \\u00e9 obrigat\\u00f3rio\",\"global_message\":\"This field is required\",\"global\":true}},\"mensaje\":{\"required\":{\"value\":true,\"message\":\"Este campo \\u00e9 obrigat\\u00f3rio\",\"global_message\":\"This field is required\",\"global\":true}},\"terms-n-condition\":{\"required\":{\"value\":true,\"message\":\"Este campo \\u00e9 obrigat\\u00f3rio\",\"global_message\":\"This field is required\",\"global\":true}}},\"debounce_time\":300,\"conditionals\":{\"custom_html-7_1\":{\"type\":\"any\",\"status\":true,\"conditions\":[{\"field\":\"dropdown\",\"value\":\"Oportunidades laborales\",\"operator\":\"=\"}],\"condition_groups\":[{\"rules\":[{\"field\":\"\",\"value\":\"\",\"operator\":\"\"}],\"title\":\"\",\"isEditingTitle\":false,\"isPreviewOpen\":false,\"isGroupOpen\":true}]}}};\n                            <\/script>\n            \n\n\n<style><\/style><style><\/style>\n<small> Este sitio est\u00e1 protegido por reCaptha de Google y <a href=\"https:\/\/policies.google.com\/privacy\">Pol\u00edticas de Privacidad<\/a> y <a href=\"https:\/\/policies.google.com\/terms\">T\u00e9rminos de Servicio<\/a> aplican. <\/small>\n<\/div>\n<\/section>\n\n\n<style><\/style><style><\/style><style>.gsbp-5eb45d4{padding-top:var(--gap-200);padding-bottom:var(--gap-200);}<\/style>\n<section class=\"section-main gsbp-5eb45d4 alignfull\" data-type=\"section-component\"><style>.gsbp-80d45a1{width:100%;}<\/style>\n<div class=\"gsbp-80d45a1\" data-type=\"content-area-component\"><style>.gsbp-5a9ba4b{overflow:hidden;display:flex;--gap:clamp(2.1875rem,1.7548rem + 1.9231vw,4.0625rem);;gap:var(--gap);}.gsbp-5a9ba4b > .gspb_marquee_content{flex-shrink:0;display:flex;justify-content:space-around;gap:var(--gap);min-width:100%;align-items:center;}@keyframes marqueegsbp-5a9ba4b{from{transform:translateX(0);}to{transform:translateX(calc(-100% - var(--gap)));}}.gsbp-5a9ba4b.marquee_enabled .gspb_marquee_content{animation:marqueegsbp-5a9ba4b 12s linear infinite;}@media (prefers-reduced-motion:reduce){.gsbp-5a9ba4b .marquee__content{animation-play-state:paused!important;}}<\/style>\n<div class=\"gsbp-5a9ba4b marquee_enabled\"><div class=\"gspb_marquee_content\">\n<img decoding=\"async\" src=\"https:\/\/siilog.bloque9.design\/wp-content\/uploads\/2026\/03\/sms-mode-light-bbf568e50ff91f26-1.svg\" alt=\"\" width=\"278\" height=\"39\" loading=\"lazy\"\/>\n\n\n\n<img decoding=\"async\" src=\"https:\/\/siilog.bloque9.design\/wp-content\/uploads\/2026\/03\/SEW_LOGO-1.svg\" alt=\"\" width=\"119\" height=\"57\" loading=\"lazy\"\/>\n\n\n\n<img decoding=\"async\" src=\"https:\/\/siilog.bloque9.design\/wp-content\/uploads\/2026\/03\/Siemens_AG_logo-1.svg\" alt=\"\" width=\"215\" height=\"35\" loading=\"lazy\"\/>\n\n\n\n<img decoding=\"async\" src=\"https:\/\/siilog.bloque9.design\/wp-content\/uploads\/2026\/03\/customer-emerson-logo-picture-2.webp\" alt=\"\" width=\"203\" height=\"85\" loading=\"lazy\"\/>\n\n\n\n<img decoding=\"async\" src=\"https:\/\/siilog.bloque9.design\/wp-content\/uploads\/2026\/03\/Festo_logo-1.svg\" alt=\"\" width=\"178\" height=\"34\" loading=\"lazy\"\/>\n<\/div><div class=\"gspb_marquee_content\" aria-hidden=\"true\">\n<img decoding=\"async\" src=\"https:\/\/siilog.bloque9.design\/wp-content\/uploads\/2026\/03\/sms-mode-light-bbf568e50ff91f26-1.svg\" alt=\"\" width=\"278\" height=\"39\" loading=\"lazy\"\/>\n\n\n\n<img decoding=\"async\" src=\"https:\/\/siilog.bloque9.design\/wp-content\/uploads\/2026\/03\/SEW_LOGO-1.svg\" alt=\"\" width=\"119\" height=\"57\" loading=\"lazy\"\/>\n\n\n\n<img decoding=\"async\" src=\"https:\/\/siilog.bloque9.design\/wp-content\/uploads\/2026\/03\/Siemens_AG_logo-1.svg\" alt=\"\" width=\"215\" height=\"35\" loading=\"lazy\"\/>\n\n\n\n<img decoding=\"async\" src=\"https:\/\/siilog.bloque9.design\/wp-content\/uploads\/2026\/03\/customer-emerson-logo-picture-2.webp\" alt=\"\" width=\"203\" height=\"85\" loading=\"lazy\"\/>\n\n\n\n<img decoding=\"async\" src=\"https:\/\/siilog.bloque9.design\/wp-content\/uploads\/2026\/03\/Festo_logo-1.svg\" alt=\"\" width=\"178\" height=\"34\" loading=\"lazy\"\/>\n<\/div><\/div>\n<\/div>\n<\/section>\n","protected":false},"excerpt":{"rendered":"","protected":false},"author":1,"featured_media":0,"parent":0,"menu_order":0,"comment_status":"closed","ping_status":"closed","template":"","meta":{"_acf_changed":false,"_gspb_post_css":"","footnotes":""},"class_list":["post-74","page","type-page","status-publish","hentry"],"acf":[],"_links":{"self":[{"href":"https:\/\/siilog.bloque9.design\/pt\/wp-json\/wp\/v2\/pages\/74","targetHints":{"allow":["GET"]}}],"collection":[{"href":"https:\/\/siilog.bloque9.design\/pt\/wp-json\/wp\/v2\/pages"}],"about":[{"href":"https:\/\/siilog.bloque9.design\/pt\/wp-json\/wp\/v2\/types\/page"}],"author":[{"embeddable":true,"href":"https:\/\/siilog.bloque9.design\/pt\/wp-json\/wp\/v2\/users\/1"}],"replies":[{"embeddable":true,"href":"https:\/\/siilog.bloque9.design\/pt\/wp-json\/wp\/v2\/comments?post=74"}],"version-history":[{"count":0,"href":"https:\/\/siilog.bloque9.design\/pt\/wp-json\/wp\/v2\/pages\/74\/revisions"}],"wp:attachment":[{"href":"https:\/\/siilog.bloque9.design\/pt\/wp-json\/wp\/v2\/media?parent=74"}],"curies":[{"name":"wp","href":"https:\/\/api.w.org\/{rel}","templated":true}]}}