{"id":765,"date":"2026-03-18T15:37:18","date_gmt":"2026-03-18T21:37:18","guid":{"rendered":"https:\/\/siilog.bloque9.design\/?page_id=765"},"modified":"2026-03-24T14:28:32","modified_gmt":"2026-03-24T20:28:32","slug":"politica-de-cookies","status":"publish","type":"page","link":"https:\/\/siilog.bloque9.design\/pt\/politica-de-cookies\/","title":{"rendered":"Pol\u00edtica de Cookies"},"content":{"rendered":"<style>.gsbp-e8ddb65{padding-top:var(--gap-75);padding-bottom:var(--gap-200);}<\/style>\n<section class=\"section-main gsbp-e8ddb65 alignfull\" data-type=\"section-component\">\n<div class=\"c-a-800 ca-legal\" data-type=\"content-area-component\">\n<h1 class=\"ca-legal__h1\">Pol\u00edtica de Cookies<\/h1>\n\n\n\n<div class=\"ca-legal__fecha-ltima-actualizacin\"><strong>\u00daltima Actualizaci\u00f3n:<\/strong> Mar\u00e7o 24, 2026<\/div>\n\n\n\n<p class=\"ca-legal__p\">SIILOG es una empresa de ingenier\u00eda e intralog\u00edstica industrial que se dedica a dise\u00f1ar, fabricar e implementar sistemas internos de movimiento y gesti\u00f3n de materiales dentro de almacenes, f\u00e1bricas y centros de distribuci\u00f3n. Integra automatizaci\u00f3n f\u00edsica (transportadores, sistemas mec\u00e1nicos, control industrial) con software especializado para control y gesti\u00f3n log\u00edstica. Ofrece servicios de soporte, mantenimiento y operaci\u00f3n continua mediante SIILOG Service24. Fabrica componentes y sistemas de precisi\u00f3n a trav\u00e9s de sus l\u00edneas iTechMold Precision e iTechMetal Precision.<\/p>\n\n\n\n<p class=\"ca-legal__p\">SIILOG desarrolla soluciones de intralog\u00edstica, automatizaci\u00f3n y manejo de materiales para una amplia variedad de industrias, incluyendo sectores como automotriz, aeron\u00e1utica, alimentaci\u00f3n, farmac\u00e9utica, textil y calzado, papel, cer\u00e1mica, pl\u00e1sticos, componentes industriales, medio ambiente, petroqu\u00edmica y otros sectores con necesidades de log\u00edstica y automatizaci\u00f3n industrial. En resumen, SIILOG crea soluciones completas de intralog\u00edstica industrial hardware, software y servicio orientadas a eficiencia, automatizaci\u00f3n y productividad.<\/p>\n\n\n\n<p class=\"ca-legal__p\">Esta Pol\u00edtica de Cookies explica c\u00f3mo utilizamos las cookies y tecnolog\u00edas similares en el sitio web https:\/\/www.siilog.com (incluyendo todas sus versiones en espa\u00f1ol, ingl\u00e9s, portugu\u00e9s y franc\u00e9s). Al acceder al Sitio Web, usted acepta el uso de cookies seg\u00fan lo descrito en esta pol\u00edtica, que complementa nuestros <a href=\"https:\/\/siilog.bloque9.design\/pt\/terminos-de-uso\/\" data-type=\"page\" data-id=\"203\">T\u00e9rminos de Uso<\/a> y nuestra <a href=\"https:\/\/siilog.bloque9.design\/pt\/politica-de-privacidad\/\" data-type=\"page\" data-id=\"204\">Pol\u00edtica de Privacidad<\/a>.<\/p>\n\n\n\n<h6 class=\"ca-legal__sub-heading\">1. \u00bfQu\u00e9 son las cookies?<\/h6>\n\n\n\n<p class=\"ca-legal__p\">Las cookies son peque\u00f1os archivos de texto que se almacenan en su dispositivo (ordenador, tablet o m\u00f3vil) cuando visita nuestro sitio web. Nos ayudan a ofrecer una mejor experiencia de navegaci\u00f3n, recordar sus preferencias y entender c\u00f3mo interact\u00faa con el contenido relacionado con soluciones de intralog\u00edstica, automatizaci\u00f3n y servicios SIILOG Service24.<\/p>\n\n\n\n<h6 class=\"ca-legal__sub-heading\">2. Tipos de cookies que utilizamos<\/h6>\n\n\n<style>.gsbp-9020186{border-collapse:collapse;table-layout:fixed;}.gsbp-9020186 td{padding-top:6px;padding-bottom:6px;padding-right:12px;padding-left:12px;font-size:14px;border-bottom-width:1px;border-bottom-style:solid;border-bottom-color:var(--wp--preset--color--custom-body,#555555);}.gsbp-9020186 th{border-width:1px;border-style:solid;border-color:var(--wp--preset--color--custom-body,#555555);padding-top:12px;padding-bottom:12px;padding-left:12px;padding-right:12px;background-color:var(--wp--preset--color--custom-negro-extralight,#202020);}.gsbp-9020186{width:100%;margin-bottom:50px;}<\/style>\n<table class=\"table-legal gsbp-9020186\">\n<thead class=\"table-legal__thead\">\n<tr class=\"table-legal__tr\">\n<th class=\"table-legal__th\" scope=\"col\">Tipo de cookie<\/th>\n\n\n\n<th class=\"table-legal__th\" scope=\"col\">Finalidad<\/th>\n\n\n\n<th class=\"table-legal__th\" scope=\"col\">Duraci\u00f3n<\/th>\n\n\n\n<th class=\"table-legal__th\" scope=\"col\">Base legal<\/th>\n<\/tr>\n<\/thead>\n\n\n\n<tbody class=\"table-legal__tbody\">\n<tr class=\"table-legal__tr\">\n<td class=\"table-legal__td\">Cookies esenciales<\/td>\n\n\n\n<td class=\"table-legal__td\">Permiten la navegaci\u00f3n b\u00e1sica y el correcto funcionamiento del sitio (acceso a formularios de contacto, descargas de whitepapers, etc.). Sin ellas el sitio no funcionar\u00eda correctamente.<\/td>\n\n\n\n<td class=\"table-legal__td\">Sesi\u00f3n o persistente<\/td>\n\n\n\n<td class=\"table-legal__td\">Inter\u00e9s leg\u00edtimo \/ Obligaci\u00f3n contractual<\/td>\n<\/tr>\n\n\n\n<tr class=\"table-legal__tr\">\n<td class=\"table-legal__td\">Cookies de funcionalidad<\/td>\n\n\n\n<td class=\"table-legal__td\">Recuerdan sus preferencias (idioma, regi\u00f3n: Europa, M\u00e9xico o Norteam\u00e9rica) y mejoran la experiencia personalizada.<\/td>\n\n\n\n<td class=\"table-legal__td\">Persistente (hasta 12 meses)<\/td>\n\n\n\n<td class=\"table-legal__td\">Consentimiento<\/td>\n<\/tr>\n\n\n\n<tr class=\"table-legal__tr\">\n<td class=\"table-legal__td\">Cookies de rendimiento \/ anal\u00edticas<\/td>\n\n\n\n<td class=\"table-legal__td\">Nos permiten analizar el tr\u00e1fico, las p\u00e1ginas m\u00e1s visitadas (ej. secciones de automotriz, nearshoring, buyer persona o customer journey) y mejorar el rendimiento del sitio. Utilizamos Google Analytics u herramientas similares.<\/td>\n\n\n\n<td class=\"table-legal__td\">Persistente (hasta 24 meses)<\/td>\n\n\n\n<td class=\"table-legal__td\">Consentimiento<\/td>\n<\/tr>\n\n\n\n<tr class=\"table-legal__tr\">\n<td class=\"table-legal__td\">Cookies de marketing \/ publicidad<\/td>\n\n\n\n<td class=\"table-legal__td\">Ayudan a mostrarle contenido relevante y medir la efectividad de nuestras campa\u00f1as sobre soluciones de intralog\u00edstica, iTechMold Precision e iTechMetal Precision.<\/td>\n\n\n\n<td class=\"table-legal__td\">Persistente (hasta 12 meses)<\/td>\n\n\n\n<td class=\"table-legal__td\">Consentimiento<\/td>\n<\/tr>\n<\/tbody>\n<\/table>\n\n\n\n<p class=\"ca-legal__p\">Tratamos sus datos para:<\/p>\n\n\n\n<p class=\"ca-legal__p\">Nunca utilizaremos sus datos para fines incompatibles con los anteriores.<\/p>\n\n\n\n<p class=\"ca-legal__p\">Nunca utilizaremos sus datos para fines incompatibles con los anteriores.<\/p>\n\n\n\n<h6 class=\"ca-legal__sub-heading\">3. Cookies de terceros<\/h6>\n\n\n\n<p class=\"ca-legal__p\">En ocasiones utilizamos cookies gestionadas por terceros:<\/p>\n\n\n\n<ul class=\"ca-legal__ul\">\n<li class=\"ca-legal__li\">Google Analytics \/ Google Tag Manager (an\u00e1lisis de visitas)<\/li>\n\n\n\n<li class=\"ca-legal__li\">Herramientas de email marketing y webinars<\/li>\n\n\n\n<li class=\"ca-legal__li\">Redes sociales (LinkedIn, para compartir casos de \u00e9xito en intralog\u00edstica)<\/li>\n<\/ul>\n\n\n\n<p class=\"ca-legal__p\">Estos terceros pueden combinar la informaci\u00f3n con otros datos que hayan recopilado. Puede consultar sus propias pol\u00edticas de cookies en sus sitios web.<\/p>\n\n\n\n<h6 class=\"ca-legal__sub-heading\">4. Gesti\u00f3n de cookies y consentimiento<\/h6>\n\n\n\n<p class=\"ca-legal__p\">Al acceder por primera vez al Sitio Web, aparecer\u00e1 un banner de cookies donde podr\u00e1:<\/p>\n\n\n\n<ul class=\"ca-legal__ul\">\n<li class=\"ca-legal__li\">Aceptar todas las cookies<\/li>\n\n\n\n<li class=\"ca-legal__li\">Rechazar todas las cookies no esenciales<\/li>\n\n\n\n<li class=\"ca-legal__li\">Configurar sus preferencias de forma granular<\/li>\n<\/ul>\n\n\n\n<p class=\"ca-legal__p\">Puede cambiar sus preferencias o retirar su consentimiento en cualquier momento accediendo al Centro de Preferencias de Cookies (enlace en el footer del sitio o aqu\u00ed).<\/p>\n\n\n\n<p class=\"ca-legal__p\">Adem\u00e1s, puede gestionar las cookies directamente desde la configuraci\u00f3n de su navegador:<\/p>\n\n\n\n<ul class=\"ca-legal__ul\">\n<li class=\"ca-legal__li\">Google Chrome<\/li>\n\n\n\n<li class=\"ca-legal__li\">Mozilla Firefox<\/li>\n\n\n\n<li class=\"ca-legal__li\">Microsoft Edge<\/li>\n\n\n\n<li class=\"ca-legal__li\">Safari<\/li>\n<\/ul>\n\n\n\n<p class=\"ca-legal__p\">Nota: Si rechaza las cookies no esenciales, algunas funcionalidades (como recordar idioma o analizar el uso del sitio) pueden verse limitadas, pero podr\u00e1 seguir navegando.<\/p>\n\n\n\n<h6 class=\"ca-legal__sub-heading\">5. Transferencias internacionales<\/h6>\n\n\n\n<p class=\"ca-legal__p\">Algunas cookies (especialmente anal\u00edticas y de marketing) pueden implicar transferencias de datos fuera de la Uni\u00f3n Europea o M\u00e9xico. En estos casos, SIILOG garantiza el cumplimiento del RGPD, LFPDPPP y CCPA\/CPRA mediante Cl\u00e1usulas Contractuales Tipo u otras garant\u00edas adecuadas.<\/p>\n\n\n\n<h6 class=\"ca-legal__sub-heading\">6. Actualizaciones de la Pol\u00edtica de Cookies<\/h6>\n\n\n\n<p class=\"ca-legal__p\">SIILOG se reserva el derecho de modificar esta Pol\u00edtica de Cookies. Cualquier actualizaci\u00f3n se publicar\u00e1 en esta p\u00e1gina con la fecha de revisi\u00f3n. Le recomendamos revisarla peri\u00f3dicamente.<\/p>\n\n\n\n<h6 class=\"ca-legal__sub-heading\">7. Contacto<\/h6>\n\n\n\n<p class=\"ca-legal__p\">Para cualquier duda sobre esta Pol\u00edtica de Cookies, el uso de sus datos o para ejercer sus derechos de privacidad:<\/p>\n\n\n\n<p class=\"ca-legal__p\">Departamento Jur\u00eddico<br>Email: <a href=\"mailto:legal@siilog.com\">legal@siilog.com<\/a> o <a href=\"mailto:direc\u00e7\u00e3o.juridica@siilog.com\">direc\u00e7\u00e3o.juridica@siilog.com<\/a><br>Tel\u00e9fono: +351 ___ ___ ___ (Portugal) \/ +52 ___ ___ ____ (M\u00e9xico)<\/p>\n\n\n\n<p class=\"ca-legal__p\">Nota importante: Esta Pol\u00edtica de Cookies cumple con el Reglamento General de Protecci\u00f3n de Datos (RGPD \u2013 Europa), la Ley Federal de Protecci\u00f3n de Datos Personales en Posesi\u00f3n de los Particulares (LFPDPPP \u2013 M\u00e9xico), la CCPA\/CPRA (Norteam\u00e9rica) y dem\u00e1s normativa aplicable en las jurisdicciones donde operamos.<\/p>\n<\/div>\n<\/section>","protected":false},"excerpt":{"rendered":"","protected":false},"author":1,"featured_media":0,"parent":0,"menu_order":0,"comment_status":"closed","ping_status":"closed","template":"","meta":{"_acf_changed":false,"_gspb_post_css":"","footnotes":""},"class_list":["post-765","page","type-page","status-publish","hentry"],"acf":[],"_links":{"self":[{"href":"https:\/\/siilog.bloque9.design\/pt\/wp-json\/wp\/v2\/pages\/765","targetHints":{"allow":["GET"]}}],"collection":[{"href":"https:\/\/siilog.bloque9.design\/pt\/wp-json\/wp\/v2\/pages"}],"about":[{"href":"https:\/\/siilog.bloque9.design\/pt\/wp-json\/wp\/v2\/types\/page"}],"author":[{"embeddable":true,"href":"https:\/\/siilog.bloque9.design\/pt\/wp-json\/wp\/v2\/users\/1"}],"replies":[{"embeddable":true,"href":"https:\/\/siilog.bloque9.design\/pt\/wp-json\/wp\/v2\/comments?post=765"}],"version-history":[{"count":0,"href":"https:\/\/siilog.bloque9.design\/pt\/wp-json\/wp\/v2\/pages\/765\/revisions"}],"wp:attachment":[{"href":"https:\/\/siilog.bloque9.design\/pt\/wp-json\/wp\/v2\/media?parent=765"}],"curies":[{"name":"wp","href":"https:\/\/api.w.org\/{rel}","templated":true}]}}